{"id":10566,"date":"2023-10-20T11:06:09","date_gmt":"2023-10-20T11:06:09","guid":{"rendered":"https:\/\/www.avior.ca\/?page_id=10566"},"modified":"2024-01-03T19:52:50","modified_gmt":"2024-01-03T19:52:50","slug":"carrieres-merci","status":"publish","type":"page","link":"https:\/\/www.avior.ca\/fr\/nous-joindre\/emploi-aerospatiale\/carrieres-merci\/","title":{"rendered":"Carrieres Merci"},"content":{"rendered":"<p><div class=\"fusion-fullwidth fullwidth-box fusion-builder-row-1 fusion-flex-container nonhundred-percent-fullwidth non-hundred-percent-height-scrolling\" style=\"background-color: rgba(255,255,255,0);background-position: center center;background-repeat: no-repeat;border-width: 0px 0px 0px 0px;border-color:#e2e2e2;border-style:solid;\" ><div class=\"fusion-builder-row fusion-row fusion-flex-align-items-flex-start\" style=\"max-width:1352px;margin-left: calc(-4% \/ 2 );margin-right: calc(-4% \/ 2 );\"><div class=\"fusion-layout-column fusion_builder_column fusion-builder-column-0 fusion_builder_column_1_1 1_1 fusion-flex-column\"><div class=\"fusion-column-wrapper fusion-flex-justify-content-flex-start fusion-content-layout-column\" style=\"background-position:left top;background-repeat:no-repeat;-webkit-background-size:cover;-moz-background-size:cover;-o-background-size:cover;background-size:cover;padding: 0px 0px 0px 0px;\"><style type=\"text\/css\">@media only screen and (max-width:1020px) {.fusion-title.fusion-title-1{margin-top:10px!important; margin-right:0px!important;margin-bottom:15px!important;margin-left:0px!important;}}@media only screen and (max-width:680px) {.fusion-title.fusion-title-1{margin-top:10px!important; margin-right:0px!important;margin-bottom:10px!important; margin-left:0px!important;}}<\/style><div class=\"fusion-title title fusion-title-1 fusion-sep-none fusion-title-text fusion-title-size-one\" style=\"margin-top:10px;margin-right:0px;margin-bottom:15px;margin-left:0px;\"><h1 class=\"title-heading-left fusion-responsive-typography-calculated\" style=\"margin:0;--fontSize:65;line-height:1;\">Nous vous remercions d&rsquo;avoir soumis votre candidature.<\/h1><\/div><div class=\"fusion-text fusion-text-1\"><p>Chez Avior Produits int\u00e9gr\u00e9s, nous croyons fermement aux principes de diversit\u00e9, d&rsquo;\u00e9quit\u00e9 et d\u2019inclusion. Notre engagement envers ces derniers garantit que chaque candidature est \u00e9valu\u00e9e sans parti pris et que chaque voix a la possibilit\u00e9 d&rsquo;\u00eatre entendue.<\/p>\n<p>Bien que nous appr\u00e9ciions l&rsquo;int\u00e9r\u00eat que vous portez \u00e0 rejoindre notre \u00e9quipe talentueuse, seuls les candidats dont le profil correspond aux exigences du poste affich\u00e9 seront contact\u00e9s. Votre curriculum vitae sera toutefois conserv\u00e9 et pris en consid\u00e9ration pour de futures opportunit\u00e9s.<\/p>\n<\/div><style type=\"text\/css\">@media only screen and (max-width:1020px) {.fusion-title.fusion-title-2{margin-top:10px!important; margin-right:0px!important;margin-bottom:15px!important;margin-left:0px!important;}}@media only screen and (max-width:680px) {.fusion-title.fusion-title-2{margin-top:10px!important; margin-right:0px!important;margin-bottom:10px!important; margin-left:0px!important;}}<\/style><div class=\"fusion-title title fusion-title-2 fusion-sep-none fusion-title-text fusion-title-size-two\" style=\"margin-top:10px;margin-right:0px;margin-bottom:15px;margin-left:0px;\"><h2 class=\"title-heading-left fusion-responsive-typography-calculated\" style=\"margin:0;--fontSize:42;line-height:1.19;\">Politique de confidentialit\u00e9<\/h2><\/div><div class=\"fusion-text fusion-text-2\"><p>Lorsque vous soumettez votre candidature \u00e0 Avior, vous pouvez avoir l&rsquo;esprit tranquille en sachant que vos informations seront trait\u00e9es avec la plus grande confidentialit\u00e9. Pour comprendre en d\u00e9tail comment nous g\u00e9rons et prot\u00e9geons vos informations, veuillez consulter notre <a href=\"https:\/\/www.avior.ca\/fr\/politique-de-confidentialite\/\">politique de confidentialit\u00e9<\/a>.<\/p>\n<p>Pour vous tenir au courant de nos derni\u00e8res offres d&#8217;emploi et recevoir de pr\u00e9cieuses informations sur les carri\u00e8res, suivez-nous sur <a href=\"https:\/\/www.linkedin.com\/company\/avior-integrated-products-inc-\/\" target=\"_blank\" rel=\"noopener\">LinkedIn<\/a>.<\/p>\n<\/div><\/div><style type=\"text\/css\">.fusion-body .fusion-builder-column-0{width:100% !important;margin-top : 10px;margin-bottom : 10px;}.fusion-builder-column-0 > .fusion-column-wrapper {padding-top : 0px !important;padding-right : 0px !important;margin-right : 1.92%;padding-bottom : 0px !important;padding-left : 0px !important;margin-left : 1.92%;}@media only screen and (max-width:1020px) {.fusion-body .fusion-builder-column-0{width:100% !important;order : 0;}.fusion-builder-column-0 > .fusion-column-wrapper {margin-right : 1.92%;margin-left : 1.92%;}}@media only screen and (max-width:680px) {.fusion-body .fusion-builder-column-0{width:100% !important;order : 0;}.fusion-builder-column-0 > .fusion-column-wrapper {margin-right : 1.92%;margin-left : 1.92%;}}<\/style><\/div><\/div><style type=\"text\/css\">.fusion-body .fusion-flex-container.fusion-builder-row-1{ padding-top : 0px;margin-top : 40px;padding-right : 60px;padding-bottom : 0px;margin-bottom : 40px;padding-left : 60px;}<\/style><\/div><div class=\"fusion-fullwidth fullwidth-box fusion-builder-row-2 fusion-flex-container nonhundred-percent-fullwidth non-hundred-percent-height-scrolling\" style=\"background-color: rgba(255,255,255,0);background-position: center center;background-repeat: no-repeat;border-width: 0px 0px 0px 0px;border-color:#e2e2e2;border-style:solid;\" ><div class=\"fusion-builder-row fusion-row fusion-flex-align-items-flex-start\" style=\"max-width:1352px;margin-left: calc(-4% \/ 2 );margin-right: calc(-4% \/ 2 );\"><div class=\"fusion-layout-column fusion_builder_column fusion-builder-column-1 fusion_builder_column_1_1 1_1 fusion-flex-column\"><div class=\"fusion-column-wrapper fusion-flex-justify-content-flex-start fusion-content-layout-column\" style=\"background-position:left top;background-repeat:no-repeat;-webkit-background-size:cover;-moz-background-size:cover;-o-background-size:cover;background-size:cover;padding: 0px 0px 0px 0px;\"><style type=\"text\/css\">@media only screen and (max-width:1020px) {.fusion-title.fusion-title-3{margin-top:10px!important; margin-right:0px!important;margin-bottom:15px!important;margin-left:0px!important;}}@media only screen and (max-width:680px) {.fusion-title.fusion-title-3{margin-top:10px!important; margin-right:0px!important;margin-bottom:10px!important; margin-left:0px!important;}}<\/style><div class=\"fusion-title title fusion-title-3 fusion-sep-none fusion-title-text fusion-title-size-one\" style=\"margin-top:10px;margin-right:0px;margin-bottom:15px;margin-left:0px;\"><h1 class=\"title-heading-left fusion-responsive-typography-calculated\" style=\"margin:0;--fontSize:65;line-height:1;\">Thank you for submitting your application.<\/h1><\/div><div class=\"fusion-text fusion-text-3\"><p>At Avior Integrated Products, we strongly believe in the principles of diversity, equity and inclusion. Our commitment to these ensures that every candidacy is evaluated without bias and that every voice has the opportunity to be heard.<\/p>\n<p>While we appreciate your interest in joining our talented team, only candidates whose profile matches the requirements of the specific job opening will be contacted. However, your resume will be kept on file and considered for future opportunities.<\/p>\n<\/div><style type=\"text\/css\">@media only screen and (max-width:1020px) {.fusion-title.fusion-title-4{margin-top:10px!important; margin-right:0px!important;margin-bottom:15px!important;margin-left:0px!important;}}@media only screen and (max-width:680px) {.fusion-title.fusion-title-4{margin-top:10px!important; margin-right:0px!important;margin-bottom:10px!important; margin-left:0px!important;}}<\/style><div class=\"fusion-title title fusion-title-4 fusion-sep-none fusion-title-text fusion-title-size-two\" style=\"margin-top:10px;margin-right:0px;margin-bottom:15px;margin-left:0px;\"><h2 class=\"title-heading-left fusion-responsive-typography-calculated\" style=\"margin:0;--fontSize:42;line-height:1.19;\">Privacy Policy<\/h2><\/div><div class=\"fusion-text fusion-text-4\"><p>When you submit your application to Avior, you can have peace of mind knowing that your information will be treated with the utmost confidentiality. To understand in detail how we manage and protect your information, please read our <a href=\"https:\/\/www.avior.ca\/privacy-policy\/\">privacy policy<\/a>.<\/p>\n<p>To keep up to date with our latest job offers and receive valuable career information, follow us on <a href=\"https:\/\/www.linkedin.com\/company\/avior-integrated-products-inc-\/\" target=\"_blank\" rel=\"noopener\">LinkedIn<\/a>.<\/p>\n<\/div><\/div><style type=\"text\/css\">.fusion-body .fusion-builder-column-1{width:100% !important;margin-top : 10px;margin-bottom : 10px;}.fusion-builder-column-1 > .fusion-column-wrapper {padding-top : 0px !important;padding-right : 0px !important;margin-right : 1.92%;padding-bottom : 0px !important;padding-left : 0px !important;margin-left : 1.92%;}@media only screen and (max-width:1020px) {.fusion-body .fusion-builder-column-1{width:100% !important;order : 0;}.fusion-builder-column-1 > .fusion-column-wrapper {margin-right : 1.92%;margin-left : 1.92%;}}@media only screen and (max-width:680px) {.fusion-body .fusion-builder-column-1{width:100% !important;order : 0;}.fusion-builder-column-1 > .fusion-column-wrapper {margin-right : 1.92%;margin-left : 1.92%;}}<\/style><\/div><\/div><style type=\"text\/css\">.fusion-body .fusion-flex-container.fusion-builder-row-2{ padding-top : 0px;margin-top : 40px;padding-right : 60px;padding-bottom : 0px;margin-bottom : 40px;padding-left : 60px;}<\/style><\/div><\/p>\n","protected":false},"excerpt":{"rendered":"","protected":false},"author":4,"featured_media":0,"parent":6617,"menu_order":0,"comment_status":"closed","ping_status":"closed","template":"","meta":{"footnotes":""},"class_list":["post-10566","page","type-page","status-publish","hentry"],"_links":{"self":[{"href":"https:\/\/www.avior.ca\/fr\/wp-json\/wp\/v2\/pages\/10566","targetHints":{"allow":["GET"]}}],"collection":[{"href":"https:\/\/www.avior.ca\/fr\/wp-json\/wp\/v2\/pages"}],"about":[{"href":"https:\/\/www.avior.ca\/fr\/wp-json\/wp\/v2\/types\/page"}],"author":[{"embeddable":true,"href":"https:\/\/www.avior.ca\/fr\/wp-json\/wp\/v2\/users\/4"}],"replies":[{"embeddable":true,"href":"https:\/\/www.avior.ca\/fr\/wp-json\/wp\/v2\/comments?post=10566"}],"version-history":[{"count":6,"href":"https:\/\/www.avior.ca\/fr\/wp-json\/wp\/v2\/pages\/10566\/revisions"}],"predecessor-version":[{"id":10639,"href":"https:\/\/www.avior.ca\/fr\/wp-json\/wp\/v2\/pages\/10566\/revisions\/10639"}],"up":[{"embeddable":true,"href":"https:\/\/www.avior.ca\/fr\/wp-json\/wp\/v2\/pages\/6617"}],"wp:attachment":[{"href":"https:\/\/www.avior.ca\/fr\/wp-json\/wp\/v2\/media?parent=10566"}],"curies":[{"name":"wp","href":"https:\/\/api.w.org\/{rel}","templated":true}]}}