{"id":6642,"date":"2021-03-09T11:52:34","date_gmt":"2021-03-09T16:52:34","guid":{"rendered":"http:\/\/exceleris.wpengine.com\/?page_id=6642"},"modified":"2022-05-12T18:21:33","modified_gmt":"2022-05-12T18:21:33","slug":"politique-de-confidentialite","status":"publish","type":"page","link":"https:\/\/www.avior.ca\/fr\/politique-de-confidentialite\/","title":{"rendered":"Politique de confidentialit\u00e9"},"content":{"rendered":"<div class=\"fusion-fullwidth fullwidth-box fusion-builder-row-1 fusion-flex-container nonhundred-percent-fullwidth non-hundred-percent-height-scrolling\" style=\"background-color: rgba(255,255,255,0);background-position: center center;background-repeat: no-repeat;border-width: 0px 0px 0px 0px;border-color:#e2e2e2;border-style:solid;\" ><div class=\"fusion-builder-row fusion-row fusion-flex-align-items-flex-start\" style=\"max-width:1352px;margin-left: calc(-4% \/ 2 );margin-right: calc(-4% \/ 2 );\"><div class=\"fusion-layout-column fusion_builder_column fusion-builder-column-0 fusion_builder_column_1_1 1_1 fusion-flex-column\"><div class=\"fusion-column-wrapper fusion-flex-justify-content-flex-start fusion-content-layout-column\" style=\"background-position:left top;background-repeat:no-repeat;-webkit-background-size:cover;-moz-background-size:cover;-o-background-size:cover;background-size:cover;padding: 0px 0px 0px 0px;\"><div class=\"fusion-text fusion-text-1\"><h1>POLITIQUE DE CONFIDENTIALIT\u00c9<\/h1>\n<p><strong>Avior Produits int\u00e9gr\u00e9s<\/strong> a cr\u00e9\u00e9 cette politique de confidentialit\u00e9 afin de d\u00e9montrer notre engagement envers votre droit \u00e0 la confidentialit\u00e9. La politique suivante d\u00e9crit nos pratiques concernant la collecte de vos renseignements personnels ainsi que leur utilisation dans le cadre de ce site web.<\/p>\n<h3>Quelles informations recueillent Avior Produits int\u00e9gr\u00e9s<\/h3>\n<p>Certaines informations telles que (mais sans s\u2019y limiter) votre nom, votre adresse, vos num\u00e9ros de contact, votre adresse courriel, vos pr\u00e9f\u00e9rences, vos int\u00e9r\u00eats et de l&rsquo;information relative aux clients peuvent \u00eatre collect\u00e9es par <strong>Avior Produits int\u00e9gr\u00e9s<\/strong> \u00e0 des fins diverses.<\/p>\n<p>Le choix de la quantit\u00e9 d\u2019information fournie est cependant toujours sous votre contr\u00f4le, il faut toujours garder \u00e0 l\u2019esprit que certaines informations peuvent \u00eatre n\u00e9cessaires\/requises afin que nous puissions fournir de l\u2019aide ou un service.<\/p>\n<p>Nous n\u2019allons pas vendre, \u00e9changer ou distribuer les noms, les adresses courriel, ou les coordonn\u00e9es de nos abonn\u00e9s, sauf si requis par la loi.<\/p>\n<p>Nous pouvons utiliser vos renseignements personnels pour vous envoyer des informations promotionnelles sur des tiers que nous pensons que vous trouverez int\u00e9ressantes.<\/p>\n<h3>Ce que nous pouvons faire avec les informations que nous recueillons<\/h3>\n<p><strong>Avior Produits int\u00e9gr\u00e9s<\/strong> utilise les renseignements personnels recueillis aux fins suivantes :<\/p>\n<ol>\n<li>Tenue de dossiers internes<\/li>\n<li>Am\u00e9lioration des produits et services<\/li>\n<li>Communication promotionnelle et toute information, y compris les informations de tiers, dont nous puissions penser que vous trouverez int\u00e9ressantes<\/li>\n<li>Am\u00e9lioration et personnalisation du site Web.<\/li>\n<\/ol>\n<p>Vous pouvez en tout temps refuser de nous fournir vos renseignements personnels, cependant, il se peut que vous ne puissiez b\u00e9n\u00e9ficier de tous les services qu\u2019Avior Produits Int\u00e9gr\u00e9s a \u00e0 vous offrir.<\/p>\n<h3>Renseignements personnels<\/h3>\n<p>Lorsque vous adh\u00e9rez \u00e0 un service qui n\u00e9cessite une inscription, nous vous demandons de fournir des renseignements personnels. Ces informations ne seront pas utilis\u00e9es de mani\u00e8re diff\u00e9rente que celle pour laquelle elles ont \u00e9t\u00e9 recueillies. Le cas \u00e9ch\u00e9ant, <strong>Avior Produits int\u00e9gr\u00e9s<\/strong> devra obtenir votre consentement pr\u00e9alable.<\/p>\n<p>Nous recueillons et utilisons certaines informations vous concernant, de mani\u00e8re responsable. Lorsque nous intervenons ainsi, nous le faisons en respectant la r\u00e9glementation g\u00e9n\u00e9rale sur la protection des donn\u00e9es (qui s\u2019applique dans tous les \u00e9tats de l\u2019Union europ\u00e9enne) ainsi que d&rsquo;autres lois sur la protection des donn\u00e9es et, en tant que contr\u00f4leur de ces informations personnelles, nous agissons de mani\u00e8re responsable, en conformit\u00e9 avec les objectifs pr\u00e9vus dans ces lois.<\/p>\n<p>Nous avons nomm\u00e9 un responsable des donn\u00e9es personnelles qui est charg\u00e9 de r\u00e9pondre \u00e0 toutes les questions se rapportant \u00e0 ces principes de protection des donn\u00e9es personnelles. Si vous avez des questions au sujet de ces principes de protection des donn\u00e9es, y compris des requ\u00eates quant \u00e0 l\u2019exercice de vos droits l\u00e9gaux, n\u2019h\u00e9sitez pas \u00e0 contacter le Responsable de la protection des donn\u00e9es personnelles, en utilisant les coordonn\u00e9es ci-dessous.<\/p>\n<h3>Coordonn\u00e9es pour prendre contact<\/h3>\n<p>Si vous avez des questions au sujet de ces principes de protection des donn\u00e9es personnelles, n\u2019h\u00e9sitez pas \u00e0 contacter notre Responsable de la protection des donn\u00e9es personnelles, en utilisant l\u2019une des m\u00e9thodes suivantes :<\/p>\n<\/div>\n<div class=\"table-1\">\n<table width=\"100%\">\n<tbody>\n<tr>\n<td align=\"left\">Nom de la compagnie:<\/td>\n<td align=\"left\">Avior Produits int\u00e9gr\u00e9s<\/td>\n<\/tr>\n<tr>\n<td align=\"left\">Name of Data Privacy Officer:<\/td>\n<td align=\"left\">\u00c0 confirmer<\/td>\n<\/tr>\n<tr>\n<td align=\"left\">Adresse courriel:<\/td>\n<td align=\"left\">\u00c0 confirmer<\/td>\n<\/tr>\n<tr>\n<td align=\"left\">Adresse postale:<\/td>\n<td align=\"left\">1001 Desserte Nord Autoroute 440<br \/>\nLaval, Qu\u00e9bec<br \/>\nH7L 3W3<\/td>\n<\/tr>\n<\/tbody>\n<\/table>\n<\/div>\n<div class=\"fusion-text fusion-text-2\"><h3>Comment nous utilisons les t\u00e9moins de connexion (cookies)<\/h3>\n<p>Un t\u00e9moin de connexion (cookie) est un petit fichier qui demande l\u2019autorisation d\u2019\u00eatre plac\u00e9 sur le disque dur de votre ordinateur. Seulement une fois que vous \u00eates d\u2019accord, le fichier est ajout\u00e9 et le cookie en question aide \u00e0 analyser le trafic Web ou vous permet de savoir lorsque vous visitez un site particulier.<\/p>\n<p>Les t\u00e9moins de connexion permettent aux applications web de vous r\u00e9pondre en tant qu\u2019individu. L\u2019application web peut, en raison des t\u00e9moins de connexion, adapter ses op\u00e9rations \u00e0 vos besoins, vos go\u00fbts et vos aversions en recueillant et en se souvenant d\u2019informations sur vos pr\u00e9f\u00e9rences.<\/p>\n<p>Nous utilisons les t\u00e9moins de journal de trafic pour identifier les pages utilis\u00e9es. Cela nous aide \u00e0 analyser les donn\u00e9es sur le trafic des pages web et \u00e0 am\u00e9liorer notre site web afin de les adapter aux besoins de nos clients. Les informations ne sont utilis\u00e9es qu\u2019\u00e0 des fins de statistiques, puis les donn\u00e9es sont supprim\u00e9es du syst\u00e8me.<\/p>\n<p>Dans l\u2019ensemble, les t\u00e9moins de connexion nous aident \u00e0 vous fournir un meilleur site web et une meilleure exp\u00e9rience de navigation en nous permettant de surveiller les pages qui vous sont utiles et celles qui ne le sont pas. Un t\u00e9moin de connexion ne nous donne pas acc\u00e8s \u00e0 votre ordinateur ou \u00e0 toute information vous concernant, autre que les donn\u00e9es que vous choisissez de partager avec nous.<\/p>\n<p>Les t\u00e9moins de connexion peuvent \u00eatre accept\u00e9s ou refus\u00e9s. La plupart des navigateurs web acceptent automatiquement les t\u00e9moins de connexion, mais vous pouvez g\u00e9n\u00e9ralement modifier les param\u00e8tres de votre navigateur pour refuser les t\u00e9moins de connexion si vous pr\u00e9f\u00e9rez.<\/p>\n<p>Veuillez toutefois noter que le refus d\u2019acc\u00e8s aux t\u00e9moins de connexion peut vous emp\u00eacher de profiter pleinement du site web.<\/p>\n<h3>Changements \u00e0 la politique de confidentialit\u00e9<\/h3>\n<p>Nous nous r\u00e9servons le droit de modifier cette politique de confidentialit\u00e9, par contre nous ne r\u00e9duirons pas vos droits en vertu de la pr\u00e9sente politique sans votre consentement pr\u00e9alable.<\/p>\n<h3>Pour nous joindre<\/h3>\n<p>Si vous avez des questions concernant cette politique de confidentialit\u00e9, les pratiques de ce site ou vos interactions avec ce site, vous pouvez nous contacter par courriel en utilisant le formulaire de la page <a href=\"https:\/\/www.avior.ca\/fr\/nous-joindre\/\">Nous joindre<\/a>.<\/p>\n<\/div><\/div><style type=\"text\/css\">.fusion-body .fusion-builder-column-0{width:100% !important;margin-top : 10px;margin-bottom : 10px;}.fusion-builder-column-0 > .fusion-column-wrapper {padding-top : 0px !important;padding-right : 0px !important;margin-right : 1.92%;padding-bottom : 0px !important;padding-left : 0px !important;margin-left : 1.92%;}@media only screen and (max-width:1020px) {.fusion-body .fusion-builder-column-0{width:100% !important;order : 0;}.fusion-builder-column-0 > .fusion-column-wrapper {margin-right : 1.92%;margin-left : 1.92%;}}@media only screen and (max-width:680px) {.fusion-body .fusion-builder-column-0{width:100% !important;order : 0;}.fusion-builder-column-0 > .fusion-column-wrapper {margin-right : 1.92%;margin-left : 1.92%;}}<\/style><\/div><\/div><style type=\"text\/css\">.fusion-body .fusion-flex-container.fusion-builder-row-1{ padding-top : 0px;margin-top : 0px;padding-right : 60px;padding-bottom : 0px;margin-bottom : 0px;padding-left : 60px;}<\/style><\/div>\n","protected":false},"excerpt":{"rendered":"","protected":false},"author":4,"featured_media":0,"parent":0,"menu_order":8,"comment_status":"closed","ping_status":"closed","template":"","meta":{"footnotes":""},"class_list":["post-6642","page","type-page","status-publish","hentry"],"_links":{"self":[{"href":"https:\/\/www.avior.ca\/fr\/wp-json\/wp\/v2\/pages\/6642","targetHints":{"allow":["GET"]}}],"collection":[{"href":"https:\/\/www.avior.ca\/fr\/wp-json\/wp\/v2\/pages"}],"about":[{"href":"https:\/\/www.avior.ca\/fr\/wp-json\/wp\/v2\/types\/page"}],"author":[{"embeddable":true,"href":"https:\/\/www.avior.ca\/fr\/wp-json\/wp\/v2\/users\/4"}],"replies":[{"embeddable":true,"href":"https:\/\/www.avior.ca\/fr\/wp-json\/wp\/v2\/comments?post=6642"}],"version-history":[{"count":4,"href":"https:\/\/www.avior.ca\/fr\/wp-json\/wp\/v2\/pages\/6642\/revisions"}],"predecessor-version":[{"id":9629,"href":"https:\/\/www.avior.ca\/fr\/wp-json\/wp\/v2\/pages\/6642\/revisions\/9629"}],"wp:attachment":[{"href":"https:\/\/www.avior.ca\/fr\/wp-json\/wp\/v2\/media?parent=6642"}],"curies":[{"name":"wp","href":"https:\/\/api.w.org\/{rel}","templated":true}]}}