{"id":7418,"date":"2021-03-24T16:47:30","date_gmt":"2021-03-24T20:47:30","guid":{"rendered":"https:\/\/exceleris.wpengine.com\/sitemap\/"},"modified":"2022-11-28T15:16:54","modified_gmt":"2022-11-28T15:16:54","slug":"plan-du-site","status":"publish","type":"page","link":"https:\/\/www.avior.ca\/fr\/plan-du-site\/","title":{"rendered":"Plan du site"},"content":{"rendered":"<div class=\"fusion-fullwidth fullwidth-box fusion-builder-row-1 fusion-flex-container nonhundred-percent-fullwidth non-hundred-percent-height-scrolling\" style=\"background-color: rgba(255,255,255,0);background-position: center center;background-repeat: no-repeat;border-width: 0px 0px 0px 0px;border-color:#e2e2e2;border-style:solid;\" ><div class=\"fusion-builder-row fusion-row fusion-flex-align-items-flex-start\" style=\"max-width:1352px;margin-left: calc(-4% \/ 2 );margin-right: calc(-4% \/ 2 );\"><div class=\"fusion-layout-column fusion_builder_column fusion-builder-column-0 fusion_builder_column_1_1 1_1 fusion-flex-column\"><div class=\"fusion-column-wrapper fusion-flex-justify-content-flex-start fusion-content-layout-column\" style=\"background-position:left top;background-repeat:no-repeat;-webkit-background-size:cover;-moz-background-size:cover;-o-background-size:cover;background-size:cover;padding: 0px 0px 0px 0px;\"><div class=\"fusion-text fusion-text-1\"><h1>Plan du site<\/h1>\n<div class=\"wsp-container\"><h2 class=\"wsp-pages-title\">Pages<\/h2>\n<ul class=\"wsp-pages-list\">\n<li class=\"page_item page-item-8606\"><a href=\"https:\/\/www.avior.ca\/fr\/\">Accueil<\/a><\/li>\n<li class=\"page_item page-item-8479 page_item_has_children\"><a href=\"https:\/\/www.avior.ca\/fr\/approbations-aerospatiales\/\">Approbations a\u00e9rospatiales<\/a>\n<ul class='children'>\n\t<li class=\"page_item page-item-8831\"><a href=\"https:\/\/www.avior.ca\/fr\/approbations-aerospatiales\/certifications\/\">Certifications<\/a><\/li>\n<\/ul>\n<\/li>\n<li class=\"page_item page-item-7756 page_item_has_children\"><a href=\"https:\/\/www.avior.ca\/fr\/ce-que-nous-faisons\/\">Ce que nous faisons<\/a>\n<ul class='children'>\n\t<li class=\"page_item page-item-7776 page_item_has_children\"><a href=\"https:\/\/www.avior.ca\/fr\/ce-que-nous-faisons\/centre-technologie\/\">Centre de technologie<\/a>\n\t<ul class='children'>\n\t\t<li class=\"page_item page-item-8460\"><a href=\"https:\/\/www.avior.ca\/fr\/ce-que-nous-faisons\/centre-technologie\/ace\/\">ACE<\/a><\/li>\n\t\t<li class=\"page_item page-item-8458\"><a href=\"https:\/\/www.avior.ca\/fr\/ce-que-nous-faisons\/centre-technologie\/conception-et-ingenierie\/\">Conception et ing\u00e9nierie<\/a><\/li>\n\t\t<li class=\"page_item page-item-8463\"><a href=\"https:\/\/www.avior.ca\/fr\/ce-que-nous-faisons\/centre-technologie\/laboratoire-essais\/\">Laboratoire d&rsquo;essais<\/a><\/li>\n\t<\/ul>\n<\/li>\n\t<li class=\"page_item page-item-7774 page_item_has_children\"><a href=\"https:\/\/www.avior.ca\/fr\/ce-que-nous-faisons\/fabrication\/\">Fabrication<\/a>\n\t<ul class='children'>\n\t\t<li class=\"page_item page-item-8450\"><a href=\"https:\/\/www.avior.ca\/fr\/ce-que-nous-faisons\/fabrication\/composites-aerospatiaux\/\">Composites<\/a><\/li>\n\t\t<li class=\"page_item page-item-8453\"><a href=\"https:\/\/www.avior.ca\/fr\/ce-que-nous-faisons\/fabrication\/metal-en-feuille\/\">M\u00e9tal en feuille<\/a><\/li>\n\t\t<li class=\"page_item page-item-8456\"><a href=\"https:\/\/www.avior.ca\/fr\/ce-que-nous-faisons\/fabrication\/procedes-speciaux\/\">Proc\u00e9d\u00e9s sp\u00e9ciaux<\/a><\/li>\n\t\t<li class=\"page_item page-item-8452\"><a href=\"https:\/\/www.avior.ca\/fr\/ce-que-nous-faisons\/fabrication\/usinage-cnc\/\">Usinage CNC<\/a><\/li>\n\t<\/ul>\n<\/li>\n\t<li class=\"page_item page-item-8448 page_item_has_children\"><a href=\"https:\/\/www.avior.ca\/fr\/ce-que-nous-faisons\/structures-aeronefs\/\">Structures d&rsquo;a\u00e9ronefs<\/a>\n\t<ul class='children'>\n\t\t<li class=\"page_item page-item-8270\"><a href=\"https:\/\/www.avior.ca\/fr\/ce-que-nous-faisons\/structures-aeronefs\/assemblages-mecaniques\/\">Assemblages m\u00e9caniques<\/a><\/li>\n\t\t<li class=\"page_item page-item-8449\"><a href=\"https:\/\/www.avior.ca\/fr\/ce-que-nous-faisons\/structures-aeronefs\/structures-hybrides-legeres\/\">Structures hybrides l\u00e9g\u00e8res<\/a><\/li>\n\t<\/ul>\n<\/li>\n<\/ul>\n<\/li>\n<li class=\"page_item page-item-8464 page_item_has_children\"><a href=\"https:\/\/www.avior.ca\/fr\/qui-nous-sommes\/\">Qui nous sommes<\/a>\n<ul class='children'>\n\t<li class=\"page_item page-item-7786\"><a href=\"https:\/\/www.avior.ca\/fr\/qui-nous-sommes\/installations-et-equipement\/\">Installations et \u00e9quipement<\/a><\/li>\n\t<li class=\"page_item page-item-7782 page_item_has_children\"><a href=\"https:\/\/www.avior.ca\/fr\/qui-nous-sommes\/leadership\/\">Leadership<\/a>\n\t<ul class='children'>\n\t\t<li class=\"page_item page-item-8466\"><a href=\"https:\/\/www.avior.ca\/fr\/qui-nous-sommes\/leadership\/danny-netto\/\">Danny Netto<\/a><\/li>\n\t\t<li class=\"page_item page-item-8469\"><a href=\"https:\/\/www.avior.ca\/fr\/qui-nous-sommes\/leadership\/jean-michel-biron\/\">Jean-Michel Biron<\/a><\/li>\n\t\t<li class=\"page_item page-item-8470\"><a href=\"https:\/\/www.avior.ca\/fr\/qui-nous-sommes\/leadership\/jean-philippe-roy\/\">Jean-Philippe Roy<\/a><\/li>\n\t\t<li class=\"page_item page-item-8473\"><a href=\"https:\/\/www.avior.ca\/fr\/qui-nous-sommes\/leadership\/nicholas-jutras\/\">Nicholas Jutras<\/a><\/li>\n\t\t<li class=\"page_item page-item-8474\"><a href=\"https:\/\/www.avior.ca\/fr\/qui-nous-sommes\/leadership\/patrick-french\/\">Patrick French<\/a><\/li>\n\t\t<li class=\"page_item page-item-8477\"><a href=\"https:\/\/www.avior.ca\/fr\/qui-nous-sommes\/leadership\/stephen-kearns\/\">Stephen Kearns<\/a><\/li>\n\t<\/ul>\n<\/li>\n<\/ul>\n<\/li>\n<li class=\"page_item page-item-8550\"><a href=\"https:\/\/www.avior.ca\/fr\/nouvelles\/\">Nouvelles<\/a><\/li>\n<li class=\"page_item page-item-6641 page_item_has_children\"><a href=\"https:\/\/www.avior.ca\/fr\/nous-joindre\/\">Nous joindre<\/a>\n<ul class='children'>\n\t<li class=\"page_item page-item-7750\"><a href=\"https:\/\/www.avior.ca\/fr\/nous-joindre\/consultation\/\">Consultation<\/a><\/li>\n\t<li class=\"page_item page-item-6617 page_item_has_children\"><a href=\"https:\/\/www.avior.ca\/fr\/nous-joindre\/emploi-aerospatiale\/\">Carri\u00e8res<\/a>\n\t<ul class='children'>\n\t\t<li class=\"page_item page-item-10566\"><a href=\"https:\/\/www.avior.ca\/fr\/nous-joindre\/emploi-aerospatiale\/carrieres-merci\/\">Carrieres Merci<\/a><\/li>\n\t\t<li class=\"page_item page-item-10836\"><a href=\"https:\/\/www.avior.ca\/fr\/nous-joindre\/emploi-aerospatiale\/offres-emploi\/\">Emploi-aerospatiale<\/a><\/li>\n\t<\/ul>\n<\/li>\n<\/ul>\n<\/li>\n<li class=\"page_item page-item-6642\"><a href=\"https:\/\/www.avior.ca\/fr\/politique-de-confidentialite\/\">Politique de confidentialit\u00e9<\/a><\/li>\n<li class=\"page_item page-item-7418\"><a href=\"https:\/\/www.avior.ca\/fr\/plan-du-site\/\">Plan du site<\/a><\/li>\n<\/ul>\n<\/div>\n<\/div><\/div><style type=\"text\/css\">.fusion-body .fusion-builder-column-0{width:100% !important;margin-top : 10px;margin-bottom : 10px;}.fusion-builder-column-0 > .fusion-column-wrapper {padding-top : 0px !important;padding-right : 0px !important;margin-right : 1.92%;padding-bottom : 0px !important;padding-left : 0px !important;margin-left : 1.92%;}@media only screen and (max-width:1020px) {.fusion-body .fusion-builder-column-0{width:100% !important;order : 0;}.fusion-builder-column-0 > .fusion-column-wrapper {margin-right : 1.92%;margin-left : 1.92%;}}@media only screen and (max-width:680px) {.fusion-body .fusion-builder-column-0{width:100% !important;order : 0;}.fusion-builder-column-0 > .fusion-column-wrapper {margin-right : 1.92%;margin-left : 1.92%;}}<\/style><\/div><\/div><style type=\"text\/css\">.fusion-body .fusion-flex-container.fusion-builder-row-1{ padding-top : 0px;margin-top : 10px;padding-right : 60px;padding-bottom : 0px;margin-bottom : 0px;padding-left : 60px;}<\/style><\/div>\n","protected":false},"excerpt":{"rendered":"","protected":false},"author":4,"featured_media":0,"parent":0,"menu_order":9,"comment_status":"closed","ping_status":"closed","template":"","meta":{"footnotes":""},"class_list":["post-7418","page","type-page","status-publish","hentry"],"_links":{"self":[{"href":"https:\/\/www.avior.ca\/fr\/wp-json\/wp\/v2\/pages\/7418","targetHints":{"allow":["GET"]}}],"collection":[{"href":"https:\/\/www.avior.ca\/fr\/wp-json\/wp\/v2\/pages"}],"about":[{"href":"https:\/\/www.avior.ca\/fr\/wp-json\/wp\/v2\/types\/page"}],"author":[{"embeddable":true,"href":"https:\/\/www.avior.ca\/fr\/wp-json\/wp\/v2\/users\/4"}],"replies":[{"embeddable":true,"href":"https:\/\/www.avior.ca\/fr\/wp-json\/wp\/v2\/comments?post=7418"}],"version-history":[{"count":6,"href":"https:\/\/www.avior.ca\/fr\/wp-json\/wp\/v2\/pages\/7418\/revisions"}],"predecessor-version":[{"id":10236,"href":"https:\/\/www.avior.ca\/fr\/wp-json\/wp\/v2\/pages\/7418\/revisions\/10236"}],"wp:attachment":[{"href":"https:\/\/www.avior.ca\/fr\/wp-json\/wp\/v2\/media?parent=7418"}],"curies":[{"name":"wp","href":"https:\/\/api.w.org\/{rel}","templated":true}]}}