{"id":7782,"date":"2021-11-16T14:06:59","date_gmt":"2021-11-16T14:06:59","guid":{"rendered":"https:\/\/www.avior.ca\/?page_id=7782"},"modified":"2025-09-09T17:19:50","modified_gmt":"2025-09-09T17:19:50","slug":"leadership","status":"publish","type":"page","link":"https:\/\/www.avior.ca\/fr\/qui-nous-sommes\/leadership\/","title":{"rendered":"Leadership"},"content":{"rendered":"<p><div class=\"fusion-fullwidth fullwidth-box fusion-builder-row-1 fusion-flex-container nonhundred-percent-fullwidth non-hundred-percent-height-scrolling\" style=\"background-color: rgba(255,255,255,0);background-position: center center;background-repeat: no-repeat;border-width: 0px 0px 0px 0px;border-color:#e2e2e2;border-style:solid;\" ><div class=\"fusion-builder-row fusion-row fusion-flex-align-items-flex-start\" style=\"max-width:1352px;margin-left: calc(-4% \/ 2 );margin-right: calc(-4% \/ 2 );\"><div class=\"fusion-layout-column fusion_builder_column fusion-builder-column-0 fusion_builder_column_1_1 1_1 fusion-flex-column\"><div class=\"fusion-column-wrapper fusion-flex-justify-content-flex-start fusion-content-layout-column\" style=\"background-position:left top;background-repeat:no-repeat;-webkit-background-size:cover;-moz-background-size:cover;-o-background-size:cover;background-size:cover;padding: 0px 0px 0px 0px;\"><div class=\"fusion-text fusion-text-1\"><h1 style=\"text-align: center;\">LEADERSHIP<\/h1>\n<\/div><div class=\"fusion-text fusion-text-2\"><p style=\"text-align: center;\">La direction d&rsquo;Avior est un \u00e9quilibre entre des cadres exp\u00e9riment\u00e9s qui ont individuellement plus de 25 ans d&rsquo;exp\u00e9rience dans l&rsquo;a\u00e9rospatiale et de jeunes talents dot\u00e9s d&rsquo;un savoir-faire en mati\u00e8re de donn\u00e9es et d&rsquo;un dynamisme qui aident \u00e0 transformer l&rsquo;entreprise. Nos valeurs sont l&rsquo;int\u00e9grit\u00e9, la transparence et l&rsquo;engagement \u00e0 l&rsquo;excellence de la performance.<\/p>\n<p style=\"text-align: center;\">Plus important encore, nous nous sommes engag\u00e9s \u00e0 r\u00e9duire notre empreinte carbone et \u00e0 adopter des technologies qui contribueront \u00e0 un environnement vert dans nos communaut\u00e9s locales de Laval, Montr\u00e9al et Granby.<\/p>\n<\/div><\/div><style type=\"text\/css\">.fusion-body .fusion-builder-column-0{width:100% !important;margin-top : 10px;margin-bottom : 10px;}.fusion-builder-column-0 > .fusion-column-wrapper {padding-top : 0px !important;padding-right : 0px !important;margin-right : 1.92%;padding-bottom : 0px !important;padding-left : 0px !important;margin-left : 1.92%;}@media only screen and (max-width:1020px) {.fusion-body .fusion-builder-column-0{width:100% !important;order : 0;}.fusion-builder-column-0 > .fusion-column-wrapper {margin-right : 1.92%;margin-left : 1.92%;}}@media only screen and (max-width:680px) {.fusion-body .fusion-builder-column-0{width:100% !important;order : 0;}.fusion-builder-column-0 > .fusion-column-wrapper {margin-right : 1.92%;margin-left : 1.92%;}}<\/style><\/div><\/div><style type=\"text\/css\">.fusion-body .fusion-flex-container.fusion-builder-row-1{ padding-top : 0px;margin-top : 40px;padding-right : 60px;padding-bottom : 0px;margin-bottom : 0px;padding-left : 60px;}@media only screen and (max-width:680px) {.fusion-body .fusion-flex-container.fusion-builder-row-1{ padding-right : 30px;padding-left : 30px;}}<\/style><\/div><div class=\"fusion-fullwidth fullwidth-box fusion-builder-row-2 fusion-flex-container nonhundred-percent-fullwidth non-hundred-percent-height-scrolling\" style=\"background-color: rgba(255,255,255,0);background-position: center center;background-repeat: no-repeat;border-width: 0px 0px 0px 0px;border-color:#e2e2e2;border-style:solid;\" ><div class=\"fusion-builder-row fusion-row fusion-flex-align-items-stretch\" style=\"max-width:1352px;margin-left: calc(-4% \/ 2 );margin-right: calc(-4% \/ 2 );\"><div class=\"fusion-layout-column fusion_builder_column fusion-builder-column-1 fusion_builder_column_1_3 1_3 fusion-flex-column fusion-flex-align-self-stretch\"><div class=\"fusion-column-wrapper fusion-flex-justify-content-space-between fusion-content-layout-column\" style=\"background-position:left top;background-repeat:no-repeat;-webkit-background-size:cover;-moz-background-size:cover;-o-background-size:cover;background-size:cover;padding: 0px 0px 0px 0px;\"><style type=\"text\/css\">.fusion-image-switch.fusion-image-before-after-1 img{transition: 0.3s ease-in-out;}<\/style><div class=\"fusion-image-before-after-element fusion-image-switch fusion-image-before-after-1\" style=\"width:100%;max-width:300px;\"><img decoding=\"async\" alt=\"revised-1-Stephen_Kearns-PRES_CEO_H\" class=\"fusion-image-switch-before\" src=\"https:\/\/www.avior.ca\/wp-content\/uploads\/2021\/12\/revised-1-Stephen_Kearns-PRES_CEO_H.jpg\" width=\"486\" height=\"729\" title=\"\"><img decoding=\"async\" alt=\"Stephen Kearns\" class=\"fusion-image-switch-after\" src=\"https:\/\/www.avior.ca\/wp-content\/uploads\/2022\/02\/Stephen_Kearns44_H.jpg\" width=\"500\" height=\"750\" title=\"\"><\/a><\/div><div class=\"fusion-text fusion-text-3\"><h3>Stephen Kearns<\/h3>\n<p><span style=\"color: #101872;\"><strong>Pr\u00e9sident &amp; Chef de la direction<\/strong><\/span><\/p>\n<\/div><div class=\"fusion-text fusion-text-4\"><p><a class=\"fusion-button button-flat fusion-button-default-size button-custom button-2 fusion-button-default-span fusion-button-default-type learnmorebtn1\" href=\"\/fr\/qui-nous-sommes\/leadership\/stephen-kearns\/\" target=\"_self\" rel=\"noopener\"><span class=\"fusion-button-text\">Voir le profil de Stephen Kearn<\/span><\/a><\/p>\n<\/div><\/div><style type=\"text\/css\">.fusion-body .fusion-builder-column-1{width:33.333333333333% !important;margin-top : 10px;margin-bottom : 10px;}.fusion-builder-column-1 > .fusion-column-wrapper {padding-top : 0px !important;padding-right : 0px !important;margin-right : 5.76%;padding-bottom : 0px !important;padding-left : 0px !important;margin-left : 5.76%;}@media only screen and (max-width:1020px) {.fusion-body .fusion-builder-column-1{width:50% !important;order : 0;}.fusion-builder-column-1 > .fusion-column-wrapper {margin-right : 3.84%;margin-left : 3.84%;}}@media only screen and (max-width:680px) {.fusion-body .fusion-builder-column-1{width:100% !important;order : 0;}.fusion-builder-column-1 > .fusion-column-wrapper {margin-right : 1.92%;margin-left : 1.92%;}}<\/style><\/div><div class=\"fusion-layout-column fusion_builder_column fusion-builder-column-2 fusion_builder_column_1_3 1_3 fusion-flex-column\"><div class=\"fusion-column-wrapper fusion-flex-justify-content-space-between fusion-content-layout-column\" style=\"background-position:left top;background-repeat:no-repeat;-webkit-background-size:cover;-moz-background-size:cover;-o-background-size:cover;background-size:cover;padding: 0px 0px 0px 0px;\"><style type=\"text\/css\">.fusion-image-switch.fusion-image-before-after-2 img{transition: 0.3s ease-in-out;}<\/style><div class=\"fusion-image-before-after-element fusion-image-switch fusion-image-before-after-2\" style=\"width:100%;max-width:300px;\"><img decoding=\"async\" alt=\"2-Danilo_Netto-CFO_H\" class=\"fusion-image-switch-before\" src=\"https:\/\/www.avior.ca\/wp-content\/uploads\/2021\/12\/2-Danilo_Netto-CFO_H.jpg\" width=\"500\" height=\"750\" title=\"\"><img decoding=\"async\" alt=\"Danny Netto\" class=\"fusion-image-switch-after\" src=\"https:\/\/www.avior.ca\/wp-content\/uploads\/2022\/02\/Danilo_Netto40_H.jpg\" width=\"500\" height=\"750\" title=\"\"><\/a><\/div><div class=\"fusion-text fusion-text-5\"><h3>Danny Netto<\/h3>\n<p><span style=\"color: #101872;\"><strong>Chef de la direction financi\u00e8re<\/strong><\/span><\/p>\n<\/div><div class=\"fusion-text fusion-text-6\"><p><a class=\"fusion-button button-flat fusion-button-default-size button-custom button-2 fusion-button-default-span fusion-button-default-type learnmorebtn1\" href=\"\/fr\/qui-nous-sommes\/leadership\/danny-netto\/\" target=\"_self\" rel=\"noopener\"><span class=\"fusion-button-text\">Voir le profil de Danny Netto<\/span><\/a><\/p>\n<\/div><\/div><style type=\"text\/css\">.fusion-body .fusion-builder-column-2{width:33.333333333333% !important;margin-top : 10px;margin-bottom : 10px;}.fusion-builder-column-2 > .fusion-column-wrapper {padding-top : 0px !important;padding-right : 0px !important;margin-right : 5.76%;padding-bottom : 0px !important;padding-left : 0px !important;margin-left : 5.76%;}@media only screen and (max-width:1020px) {.fusion-body .fusion-builder-column-2{width:50% !important;order : 0;}.fusion-builder-column-2 > .fusion-column-wrapper {margin-right : 3.84%;margin-left : 3.84%;}}@media only screen and (max-width:680px) {.fusion-body .fusion-builder-column-2{width:100% !important;order : 0;}.fusion-builder-column-2 > .fusion-column-wrapper {margin-right : 1.92%;margin-left : 1.92%;}}<\/style><\/div><div class=\"fusion-layout-column fusion_builder_column fusion-builder-column-3 fusion_builder_column_1_3 1_3 fusion-flex-column fusion-flex-align-self-stretch\"><div class=\"fusion-column-wrapper fusion-flex-justify-content-space-between fusion-content-layout-column\" style=\"background-position:left top;background-repeat:no-repeat;-webkit-background-size:cover;-moz-background-size:cover;-o-background-size:cover;background-size:cover;padding: 0px 0px 0px 0px;\"><style type=\"text\/css\">.fusion-image-switch.fusion-image-before-after-3 img{transition: 0.3s ease-in-out;}<\/style><div class=\"fusion-image-before-after-element fusion-image-switch fusion-image-before-after-3\" style=\"width:100%;max-width:300px;\"><img decoding=\"async\" alt=\"4-Jean-Michel_Biron-VP-Techn_Innov_H\" class=\"fusion-image-switch-before\" src=\"https:\/\/www.avior.ca\/wp-content\/uploads\/2021\/12\/4-Jean-Michel_Biron-VP-Techn_Innov_H.jpg\" width=\"500\" height=\"750\" title=\"\"><img decoding=\"async\" alt=\"Jean-Michel Biron\" class=\"fusion-image-switch-after\" src=\"https:\/\/www.avior.ca\/wp-content\/uploads\/2022\/02\/Jean-Michel_Biron29_H.jpg\" width=\"500\" height=\"750\" title=\"\"><\/a><\/div><div class=\"fusion-text fusion-text-7\"><h3>Jean-Michel Biron<\/h3>\n<p><span style=\"color: #101872;\"><strong>Vice-Pr\u00e9sident, Technologie<br \/>\net innovation<\/strong><\/span><\/p>\n<\/div><div class=\"fusion-text fusion-text-8\"><p><a class=\"fusion-button button-flat fusion-button-default-size button-custom button-2 fusion-button-default-span fusion-button-default-type learnmorebtn1\" href=\"\/fr\/qui-nous-sommes\/leadership\/jean-michel-biron\/\" target=\"_self\" rel=\"noopener\"><span class=\"fusion-button-text\">Voir le profil de Jean-Michel Biron<\/span><\/a><\/p>\n<\/div><\/div><style type=\"text\/css\">.fusion-body .fusion-builder-column-3{width:33.333333333333% !important;margin-top : 10px;margin-bottom : 10px;}.fusion-builder-column-3 > .fusion-column-wrapper {padding-top : 0px !important;padding-right : 0px !important;margin-right : 5.76%;padding-bottom : 0px !important;padding-left : 0px !important;margin-left : 5.76%;}@media only screen and (max-width:1020px) {.fusion-body .fusion-builder-column-3{width:50% !important;order : 0;}.fusion-builder-column-3 > .fusion-column-wrapper {margin-right : 3.84%;margin-left : 3.84%;}}@media only screen and (max-width:680px) {.fusion-body .fusion-builder-column-3{width:100% !important;order : 0;}.fusion-builder-column-3 > .fusion-column-wrapper {margin-right : 1.92%;margin-left : 1.92%;}}<\/style><\/div><div class=\"fusion-layout-column fusion_builder_column fusion-builder-column-4 fusion_builder_column_1_3 1_3 fusion-flex-column fusion-flex-align-self-stretch\"><div class=\"fusion-column-wrapper fusion-flex-justify-content-space-between fusion-content-layout-column\" style=\"background-position:left top;background-repeat:no-repeat;-webkit-background-size:cover;-moz-background-size:cover;-o-background-size:cover;background-size:cover;padding: 0px 0px 0px 0px;\"><div ><span class=\" fusion-imageframe imageframe-none imageframe-1 hover-type-none\" style=\"max-width:300px;\"><img decoding=\"async\" width=\"500\" height=\"750\" alt=\"PFrench-black\" title=\"PFrench-black\" src=\"https:\/\/www.avior.ca\/wp-content\/uploads\/2021\/12\/PFrench-black.jpg\" class=\"img-responsive wp-image-8103\" srcset=\"https:\/\/www.avior.ca\/wp-content\/uploads\/2021\/12\/PFrench-black-200x300.jpg 200w, https:\/\/www.avior.ca\/wp-content\/uploads\/2021\/12\/PFrench-black-400x600.jpg 400w, https:\/\/www.avior.ca\/wp-content\/uploads\/2021\/12\/PFrench-black.jpg 500w\" sizes=\"(max-width: 680px) 100vw, 400px\" \/><\/span><\/div><div class=\"fusion-text fusion-text-9\"><h3>Patrick French<\/h3>\n<p><span style=\"color: #101872;\"><strong>Vice-Pr\u00e9sident, D\u00e9veloppement des affaires<br \/>\nEst des \u00c9tats-Unis<\/strong><\/span><\/p>\n<\/div><div class=\"fusion-text fusion-text-10\"><p><a class=\"fusion-button button-flat fusion-button-default-size button-custom button-2 fusion-button-default-span fusion-button-default-type learnmorebtn1\" href=\"\/fr\/qui-nous-sommes\/leadership\/patrick-french\/\" target=\"_self\" rel=\"noopener\"><span class=\"fusion-button-text\">Voir le profil de Patrick French<\/span><\/a><\/p>\n<\/div><\/div><style type=\"text\/css\">.fusion-body .fusion-builder-column-4{width:33.333333333333% !important;margin-top : 10px;margin-bottom : 10px;}.fusion-builder-column-4 > .fusion-column-wrapper {padding-top : 0px !important;padding-right : 0px !important;margin-right : 5.76%;padding-bottom : 0px !important;padding-left : 0px !important;margin-left : 5.76%;}@media only screen and (max-width:1020px) {.fusion-body .fusion-builder-column-4{width:50% !important;order : 0;}.fusion-builder-column-4 > .fusion-column-wrapper {margin-right : 3.84%;margin-left : 3.84%;}}@media only screen and (max-width:680px) {.fusion-body .fusion-builder-column-4{width:100% !important;order : 0;}.fusion-builder-column-4 > .fusion-column-wrapper {margin-right : 1.92%;margin-left : 1.92%;}}<\/style><\/div><div class=\"fusion-layout-column fusion_builder_column fusion-builder-column-5 fusion_builder_column_1_3 1_3 fusion-flex-column fusion-flex-align-self-stretch\"><div class=\"fusion-column-wrapper fusion-flex-justify-content-space-between fusion-content-layout-column\" style=\"background-position:left top;background-repeat:no-repeat;-webkit-background-size:cover;-moz-background-size:cover;-o-background-size:cover;background-size:cover;padding: 0px 0px 0px 0px;\"><\/div><style type=\"text\/css\">.fusion-body .fusion-builder-column-5{width:33.333333333333% !important;margin-top : 10px;margin-bottom : 10px;}.fusion-builder-column-5 > .fusion-column-wrapper {padding-top : 0px !important;padding-right : 0px !important;margin-right : 5.76%;padding-bottom : 0px !important;padding-left : 0px !important;margin-left : 5.76%;}@media only screen and (max-width:1020px) {.fusion-body .fusion-builder-column-5{width:50% !important;order : 0;}.fusion-builder-column-5 > .fusion-column-wrapper {margin-right : 3.84%;margin-left : 3.84%;}}@media only screen and (max-width:680px) {.fusion-body .fusion-builder-column-5{width:100% !important;order : 0;}.fusion-builder-column-5 > .fusion-column-wrapper {margin-right : 1.92%;margin-left : 1.92%;}}<\/style><\/div><div class=\"fusion-layout-column fusion_builder_column fusion-builder-column-6 fusion_builder_column_1_3 1_3 fusion-flex-column fusion-flex-align-self-stretch fusion-no-small-visibility fusion-no-medium-visibility\"><div class=\"fusion-column-wrapper fusion-flex-justify-content-space-between fusion-content-layout-column\" style=\"background-position:left top;background-repeat:no-repeat;-webkit-background-size:cover;-moz-background-size:cover;-o-background-size:cover;background-size:cover;padding: 0px 0px 0px 0px;\"><\/div><style type=\"text\/css\">.fusion-body .fusion-builder-column-6{width:33.333333333333% !important;margin-top : 10px;margin-bottom : 10px;}.fusion-builder-column-6 > .fusion-column-wrapper {padding-top : 0px !important;padding-right : 0px !important;margin-right : 5.76%;padding-bottom : 0px !important;padding-left : 0px !important;margin-left : 5.76%;}@media only screen and (max-width:1020px) {.fusion-body .fusion-builder-column-6{width:50% !important;order : 0;}.fusion-builder-column-6 > .fusion-column-wrapper {margin-right : 3.84%;margin-left : 3.84%;}}@media only screen and (max-width:680px) {.fusion-body .fusion-builder-column-6{width:100% !important;order : 0;}.fusion-builder-column-6 > .fusion-column-wrapper {margin-right : 1.92%;margin-left : 1.92%;}}<\/style><\/div><div class=\"fusion-layout-column fusion_builder_column fusion-builder-column-7 fusion_builder_column_1_3 1_3 fusion-flex-column fusion-flex-align-self-stretch\"><div class=\"fusion-column-wrapper fusion-flex-justify-content-space-between fusion-content-layout-column\" style=\"background-position:left top;background-repeat:no-repeat;-webkit-background-size:cover;-moz-background-size:cover;-o-background-size:cover;background-size:cover;padding: 0px 0px 0px 0px;\"><style type=\"text\/css\">.fusion-image-switch.fusion-image-before-after-4 img{transition: 0.3s ease-in-out;}<\/style><div class=\"fusion-image-before-after-element fusion-image-switch fusion-image-before-after-4\" style=\"width:100%;max-width:300px;\"><img decoding=\"async\" alt=\"6-Jean-Philippe_Roy-DIR-BU-MTL_H\" class=\"fusion-image-switch-before\" src=\"https:\/\/www.avior.ca\/wp-content\/uploads\/2021\/12\/6-Jean-Philippe_Roy-DIR-BU-MTL_H.jpg\" width=\"500\" height=\"750\" title=\"\"><img decoding=\"async\" alt=\"Jean-Philippe_Roy\" class=\"fusion-image-switch-after\" src=\"https:\/\/www.avior.ca\/wp-content\/uploads\/2022\/02\/Jean-Philippe_Roy39_H.jpg\" width=\"500\" height=\"750\" title=\"\"><\/a><\/div><div class=\"fusion-text fusion-text-11\"><h3>Jean-Philippe Roy<\/h3>\n<p><span style=\"color: #101872;\"><strong>Directeur &#8211; Unit\u00e9 d\u2019affaires Montr\u00e9al<\/strong><\/span><\/p>\n<\/div><div class=\"fusion-text fusion-text-12\"><p><a class=\"fusion-button button-flat fusion-button-default-size button-custom button-2 fusion-button-default-span fusion-button-default-type learnmorebtn1\" href=\"\/fr\/qui-nous-sommes\/leadership\/jean-philippe-roy\/\" target=\"_self\" rel=\"noopener\"><span class=\"fusion-button-text\">Voir le profil de Jean-Philippe Roy<\/span><\/a><\/p>\n<\/div><\/div><style type=\"text\/css\">.fusion-body .fusion-builder-column-7{width:33.333333333333% !important;margin-top : 10px;margin-bottom : 10px;}.fusion-builder-column-7 > .fusion-column-wrapper {padding-top : 0px !important;padding-right : 0px !important;margin-right : 5.76%;padding-bottom : 0px !important;padding-left : 0px !important;margin-left : 5.76%;}@media only screen and (max-width:1020px) {.fusion-body .fusion-builder-column-7{width:50% !important;order : 0;}.fusion-builder-column-7 > .fusion-column-wrapper {margin-right : 3.84%;margin-left : 3.84%;}}@media only screen and (max-width:680px) {.fusion-body .fusion-builder-column-7{width:100% !important;order : 0;}.fusion-builder-column-7 > .fusion-column-wrapper {margin-right : 1.92%;margin-left : 1.92%;}}<\/style><\/div><div class=\"fusion-layout-column fusion_builder_column fusion-builder-column-8 fusion_builder_column_1_3 1_3 fusion-flex-column fusion-flex-align-self-stretch\"><div class=\"fusion-column-wrapper fusion-flex-justify-content-space-between fusion-content-layout-column\" style=\"background-position:left top;background-repeat:no-repeat;-webkit-background-size:cover;-moz-background-size:cover;-o-background-size:cover;background-size:cover;padding: 0px 0px 0px 0px;\"><style type=\"text\/css\">.fusion-image-switch.fusion-image-before-after-5 img{transition: 0.3s ease-in-out;}<\/style><div class=\"fusion-image-before-after-element fusion-image-switch fusion-image-before-after-5\" style=\"width:100%;max-width:300px;\"><img decoding=\"async\" alt=\"5-Nicholas_JutrasDIR-BU-Granby_H\" class=\"fusion-image-switch-before\" src=\"https:\/\/www.avior.ca\/wp-content\/uploads\/2021\/12\/5-Nicholas_JutrasDIR-BU-Granby_H.jpg\" width=\"500\" height=\"750\" title=\"\"><img decoding=\"async\" alt=\"Nicholas_Jutras\" class=\"fusion-image-switch-after\" src=\"https:\/\/www.avior.ca\/wp-content\/uploads\/2022\/02\/Nicholas_Jutras39_H.jpg\" width=\"500\" height=\"750\" title=\"\"><\/a><\/div><div class=\"fusion-text fusion-text-13\"><h3>Nicholas Jutras<\/h3>\n<p><span style=\"color: #101872;\"><strong>Directeur &#8211; Unit\u00e9 d\u2019affaires Granby<\/strong><\/span><\/p>\n<\/div><div class=\"fusion-text fusion-text-14\"><p><a class=\"fusion-button button-flat fusion-button-default-size button-custom button-2 fusion-button-default-span fusion-button-default-type learnmorebtn1\" href=\"\/fr\/qui-nous-sommes\/leadership\/nicholas-jutras\/\" target=\"_self\" rel=\"noopener\"><span class=\"fusion-button-text\">Voir le profil de Nicholas Jutras<\/span><\/a><\/p>\n<\/div><\/div><style type=\"text\/css\">.fusion-body .fusion-builder-column-8{width:33.333333333333% !important;margin-top : 10px;margin-bottom : 10px;}.fusion-builder-column-8 > .fusion-column-wrapper {padding-top : 0px !important;padding-right : 0px !important;margin-right : 5.76%;padding-bottom : 0px !important;padding-left : 0px !important;margin-left : 5.76%;}@media only screen and (max-width:1020px) {.fusion-body .fusion-builder-column-8{width:50% !important;order : 0;}.fusion-builder-column-8 > .fusion-column-wrapper {margin-right : 3.84%;margin-left : 3.84%;}}@media only screen and (max-width:680px) {.fusion-body .fusion-builder-column-8{width:100% !important;order : 0;}.fusion-builder-column-8 > .fusion-column-wrapper {margin-right : 1.92%;margin-left : 1.92%;}}<\/style><\/div><\/div><style type=\"text\/css\">.fusion-body .fusion-flex-container.fusion-builder-row-2{ padding-top : 0px;margin-top : 0px;padding-right : 60px;padding-bottom : 0px;margin-bottom : 0px;padding-left : 60px;}@media only screen and (max-width:680px) {.fusion-body .fusion-flex-container.fusion-builder-row-2{ padding-right : 30px;padding-left : 30px;}}<\/style><\/div><\/p>\n","protected":false},"excerpt":{"rendered":"","protected":false},"author":4,"featured_media":0,"parent":8464,"menu_order":0,"comment_status":"closed","ping_status":"closed","template":"100-width.php","meta":{"footnotes":""},"class_list":["post-7782","page","type-page","status-publish","hentry"],"_links":{"self":[{"href":"https:\/\/www.avior.ca\/fr\/wp-json\/wp\/v2\/pages\/7782","targetHints":{"allow":["GET"]}}],"collection":[{"href":"https:\/\/www.avior.ca\/fr\/wp-json\/wp\/v2\/pages"}],"about":[{"href":"https:\/\/www.avior.ca\/fr\/wp-json\/wp\/v2\/types\/page"}],"author":[{"embeddable":true,"href":"https:\/\/www.avior.ca\/fr\/wp-json\/wp\/v2\/users\/4"}],"replies":[{"embeddable":true,"href":"https:\/\/www.avior.ca\/fr\/wp-json\/wp\/v2\/comments?post=7782"}],"version-history":[{"count":24,"href":"https:\/\/www.avior.ca\/fr\/wp-json\/wp\/v2\/pages\/7782\/revisions"}],"predecessor-version":[{"id":11282,"href":"https:\/\/www.avior.ca\/fr\/wp-json\/wp\/v2\/pages\/7782\/revisions\/11282"}],"up":[{"embeddable":true,"href":"https:\/\/www.avior.ca\/fr\/wp-json\/wp\/v2\/pages\/8464"}],"wp:attachment":[{"href":"https:\/\/www.avior.ca\/fr\/wp-json\/wp\/v2\/media?parent=7782"}],"curies":[{"name":"wp","href":"https:\/\/api.w.org\/{rel}","templated":true}]}}