{"id":8464,"date":"2022-01-11T12:21:56","date_gmt":"2022-01-11T12:21:56","guid":{"rendered":"https:\/\/www.avior.ca\/?page_id=8464"},"modified":"2024-05-31T13:49:54","modified_gmt":"2024-05-31T13:49:54","slug":"qui-nous-sommes","status":"publish","type":"page","link":"https:\/\/www.avior.ca\/fr\/qui-nous-sommes\/","title":{"rendered":"Qui nous sommes"},"content":{"rendered":"<p><div class=\"fusion-fullwidth fullwidth-box fusion-builder-row-1 fusion-flex-container nonhundred-percent-fullwidth non-hundred-percent-height-scrolling\" style=\"background-color: rgba(255,255,255,0);background-position: center center;background-repeat: no-repeat;border-width: 0px 0px 0px 0px;border-color:#e2e2e2;border-style:solid;\" ><div class=\"fusion-builder-row fusion-row fusion-flex-align-items-flex-start\" style=\"max-width:1352px;margin-left: calc(-4% \/ 2 );margin-right: calc(-4% \/ 2 );\"><div class=\"fusion-layout-column fusion_builder_column fusion-builder-column-0 fusion_builder_column_1_1 1_1 fusion-flex-column\"><div class=\"fusion-column-wrapper fusion-flex-justify-content-flex-start fusion-content-layout-column\" style=\"background-position:left top;background-repeat:no-repeat;-webkit-background-size:cover;-moz-background-size:cover;-o-background-size:cover;background-size:cover;padding: 0px 0px 0px 0px;\"><div class=\"fusion-text fusion-text-1 fusion-text-no-margin\" style=\"margin-bottom:20px;\"><h1 style=\"text-align: center;\">QUI NOUS SOMMES<\/h1>\n<\/div><div class=\"fusion-text fusion-text-2 fusion-text-no-margin\" style=\"margin-bottom:20px;\"><p style=\"text-align: center;\">Avior est un int\u00e9grateur a\u00e9rospatial de <a href=\"https:\/\/www.avior.ca\/fr\/ce-que-nous-faisons\/structures-aeronefs\/structures-hybrides-legeres\/\">structures hybrides l\u00e9g\u00e8res<\/a> et d\u2019<a href=\"https:\/\/www.avior.ca\/fr\/ce-que-nous-faisons\/structure-aeronefs\/assemblages-mecaniques\/\">assemblages m\u00e9caniques<\/a>. Nous tirons parti de notre capacit\u00e9 de fabrication interne \u00e0 service complet en composants m\u00e9talliques et composites pour fournir les structures d\u2019avion les plus comp\u00e9titives et de la plus haute qualit\u00e9. Notre culture est centr\u00e9e sur l\u2019excellence de la performance pour nos clients avec de solides processus op\u00e9rationnels en gestion de programme et un engagement \u00e0 promouvoir de nouvelles technologies et innovations pour am\u00e9liorer la comp\u00e9titivit\u00e9.<\/p>\n<p style=\"text-align: center;\">Nous disposons de <a href=\"https:\/\/www.avior.ca\/fr\/qui-nous-sommes\/installations-et-equipement\/\">trois unit\u00e9s d\u2019op\u00e9ration<\/a> comportant des centres d&rsquo;excellence de fabrication pour l&rsquo;usinage, les composites et l&rsquo;assemblage. Notre <a href=\"http:\/\/www.avior.ca\/fr\/ce-que-nous-faisons\/centre-technologie\/ace\">centre d&rsquo;excellence en automatisation<\/a>, nos <a href=\"http:\/\/www.avior.ca\/fr\/ce-que-nous-faisons\/centre-technologie\/ace\">laboratoires d&rsquo;essais de mat\u00e9riaux a\u00e9rospatiaux<\/a> et nos services d&rsquo;inspection par ultrasons soutiennent nos activit\u00e9s de fabrication. Nous op\u00e9rons \u00e0 partir de diff\u00e9rents sites, mais nous sommes unifi\u00e9s et int\u00e9gr\u00e9s en tant qu\u2019entreprise unique, avec un seul syst\u00e8me de qualit\u00e9 et un seul ERP, avec des processus et des proc\u00e9dures normalis\u00e9es.<\/p>\n<\/div><\/div><style type=\"text\/css\">.fusion-body .fusion-builder-column-0{width:100% !important;margin-top : 10px;margin-bottom : 10px;}.fusion-builder-column-0 > .fusion-column-wrapper {padding-top : 0px !important;padding-right : 0px !important;margin-right : 1.92%;padding-bottom : 0px !important;padding-left : 0px !important;margin-left : 1.92%;}@media only screen and (max-width:1020px) {.fusion-body .fusion-builder-column-0{width:100% !important;order : 0;}.fusion-builder-column-0 > .fusion-column-wrapper {margin-right : 1.92%;margin-left : 1.92%;}}@media only screen and (max-width:680px) {.fusion-body .fusion-builder-column-0{width:100% !important;order : 0;}.fusion-builder-column-0 > .fusion-column-wrapper {margin-right : 1.92%;margin-left : 1.92%;}}<\/style><\/div><\/div><style type=\"text\/css\">.fusion-body .fusion-flex-container.fusion-builder-row-1{ padding-top : 0px;margin-top : 40px;padding-right : 60px;padding-bottom : 0px;margin-bottom : 0px;padding-left : 60px;}@media only screen and (max-width:680px) {.fusion-body .fusion-flex-container.fusion-builder-row-1{ padding-right : 30px;padding-left : 30px;}}<\/style><\/div><div class=\"fusion-fullwidth fullwidth-box fusion-builder-row-2 fusion-flex-container nonhundred-percent-fullwidth non-hundred-percent-height-scrolling\" style=\"background-color: rgba(255,255,255,0);background-position: center center;background-repeat: no-repeat;border-width: 0px 0px 0px 0px;border-color:#e2e2e2;border-style:solid;\" ><div class=\"fusion-builder-row fusion-row fusion-flex-align-items-center\" style=\"max-width:1352px;margin-left: calc(-4% \/ 2 );margin-right: calc(-4% \/ 2 );\"><div class=\"fusion-layout-column fusion_builder_column fusion-builder-column-1 fusion_builder_column_1_2 1_2 fusion-flex-column\"><div class=\"fusion-column-wrapper fusion-flex-justify-content-flex-start fusion-content-layout-column\" style=\"background-position:left top;background-repeat:no-repeat;-webkit-background-size:cover;-moz-background-size:cover;-o-background-size:cover;background-size:cover;padding: 0px 0px 0px 0px;\"><div class=\"fusion-text fusion-text-3 fusion-text-no-margin\" style=\"margin-bottom:20px;\"><h2>\u00c0 PROPOS DE NOUS<\/h2>\n<\/div><div class=\"fusion-text fusion-text-4\"><p>Nous nous d\u00e9finissons par une culture de l&rsquo;innovation et de l&rsquo;am\u00e9lioration continue. Nos avanc\u00e9es les plus r\u00e9centes concernent l&rsquo;utilisation de la robotique et l\u2019adoption innovatrice de la r\u00e9alit\u00e9 augment\u00e9e pour la formation.<\/p>\n<p>Nous avons d\u00e9but\u00e9 en tant que fournisseur de niveau IV de d\u00e9tails m\u00e9talliques en 2002. Au cours des deux derni\u00e8res d\u00e9cennies, l&rsquo;entreprise est devenue un int\u00e9grateur de structures l\u00e9g\u00e8res et d&rsquo;assemblages m\u00e9caniques essentiels au vol gr\u00e2ce \u00e0 des acquisitions strat\u00e9giques et \u00e0 des investissements dans les derni\u00e8res technologies et de personnes les plus comp\u00e9tentes.<\/p>\n<\/div><\/div><style type=\"text\/css\">.fusion-body .fusion-builder-column-1{width:50% !important;margin-top : 10px;margin-bottom : 10px;}.fusion-builder-column-1 > .fusion-column-wrapper {padding-top : 0px !important;padding-right : 0px !important;margin-right : 3.84%;padding-bottom : 0px !important;padding-left : 0px !important;margin-left : 3.84%;}@media only screen and (max-width:1020px) {.fusion-body .fusion-builder-column-1{width:50% !important;order : 0;}.fusion-builder-column-1 > .fusion-column-wrapper {margin-right : 3.84%;margin-left : 3.84%;}}@media only screen and (max-width:680px) {.fusion-body .fusion-builder-column-1{width:100% !important;order : 0;}.fusion-builder-column-1 > .fusion-column-wrapper {margin-right : 1.92%;margin-left : 1.92%;}}<\/style><\/div><div class=\"fusion-layout-column fusion_builder_column fusion-builder-column-2 fusion_builder_column_1_2 1_2 fusion-flex-column\"><div class=\"fusion-column-wrapper fusion-flex-justify-content-flex-start fusion-content-layout-column\" style=\"background-position:left top;background-repeat:no-repeat;-webkit-background-size:cover;-moz-background-size:cover;-o-background-size:cover;background-size:cover;padding: 0px 0px 0px 0px;\"><div style=\"text-align:center;\"><style>.fusion-imageframe.imageframe-1{ margin-top : 30px;}<\/style><span class=\" fusion-imageframe imageframe-none imageframe-1 hover-type-none\"><img decoding=\"async\" width=\"500\" height=\"333\" alt=\"Who We Are_AIAC trophee\" title=\"Who We Are_AIAC trophee\" src=\"https:\/\/www.avior.ca\/wp-content\/uploads\/2022\/02\/Who-We-Are_AIAC-trophee.jpg\" class=\"img-responsive wp-image-8863\" srcset=\"https:\/\/www.avior.ca\/wp-content\/uploads\/2022\/02\/Who-We-Are_AIAC-trophee-200x133.jpg 200w, https:\/\/www.avior.ca\/wp-content\/uploads\/2022\/02\/Who-We-Are_AIAC-trophee-400x266.jpg 400w, https:\/\/www.avior.ca\/wp-content\/uploads\/2022\/02\/Who-We-Are_AIAC-trophee.jpg 500w\" sizes=\"(max-width: 680px) 100vw, 500px\" \/><\/span><\/div><\/div><style type=\"text\/css\">.fusion-body .fusion-builder-column-2{width:50% !important;margin-top : 10px;margin-bottom : 10px;}.fusion-builder-column-2 > .fusion-column-wrapper {padding-top : 0px !important;padding-right : 0px !important;margin-right : 3.84%;padding-bottom : 0px !important;padding-left : 0px !important;margin-left : 3.84%;}@media only screen and (max-width:1020px) {.fusion-body .fusion-builder-column-2{width:50% !important;order : 0;}.fusion-builder-column-2 > .fusion-column-wrapper {margin-right : 3.84%;margin-left : 3.84%;}}@media only screen and (max-width:680px) {.fusion-body .fusion-builder-column-2{width:100% !important;order : 0;}.fusion-builder-column-2 > .fusion-column-wrapper {margin-right : 1.92%;margin-left : 1.92%;}}<\/style><\/div><\/div><style type=\"text\/css\">.fusion-body .fusion-flex-container.fusion-builder-row-2{ padding-top : 10px;margin-top : 0px;padding-right : 60px;padding-bottom : 40PX;margin-bottom : 0px;padding-left : 60px;}<\/style><\/div><div class=\"fusion-fullwidth fullwidth-box fusion-builder-row-3 fusion-flex-container fusion-parallax-none nonhundred-percent-fullwidth non-hundred-percent-height-scrolling\" style=\"background-color: rgba(255,255,255,0);background-image: url(&quot;https:\/\/www.avior.ca\/wp-content\/uploads\/2022\/02\/Avior_PANEL_History.jpg&quot;);background-position: center center;background-repeat: no-repeat;border-width: 0px 0px 0px 0px;border-color:#e2e2e2;border-style:solid;-webkit-background-size:cover;-moz-background-size:cover;-o-background-size:cover;background-size:cover;\" ><div class=\"fusion-builder-row fusion-row fusion-flex-align-items-flex-start\" style=\"max-width:1352px;margin-left: calc(-4% \/ 2 );margin-right: calc(-4% \/ 2 );\"><div class=\"fusion-layout-column fusion_builder_column fusion-builder-column-3 fusion_builder_column_1_2 1_2 fusion-flex-column\"><div class=\"fusion-column-wrapper fusion-flex-justify-content-flex-start fusion-content-layout-column\" style=\"background-position:left top;background-repeat:no-repeat;-webkit-background-size:cover;-moz-background-size:cover;-o-background-size:cover;background-size:cover;padding: 0px 0px 0px 0px;\"><\/div><style type=\"text\/css\">.fusion-body .fusion-builder-column-3{width:50% !important;margin-top : 10px;margin-bottom : 10px;}.fusion-builder-column-3 > .fusion-column-wrapper {padding-top : 0px !important;padding-right : 0px !important;margin-right : 3.84%;padding-bottom : 0px !important;padding-left : 0px !important;margin-left : 3.84%;}@media only screen and (max-width:1020px) {.fusion-body .fusion-builder-column-3{width:50% !important;order : 0;}.fusion-builder-column-3 > .fusion-column-wrapper {margin-right : 3.84%;margin-left : 3.84%;}}@media only screen and (max-width:680px) {.fusion-body .fusion-builder-column-3{width:100% !important;order : 0;}.fusion-builder-column-3 > .fusion-column-wrapper {margin-right : 1.92%;margin-left : 1.92%;}}<\/style><\/div><div class=\"fusion-layout-column fusion_builder_column fusion-builder-column-4 fusion_builder_column_1_2 1_2 fusion-flex-column\"><div class=\"fusion-column-wrapper fusion-flex-justify-content-flex-start fusion-content-layout-column\" style=\"background-position:left top;background-repeat:no-repeat;-webkit-background-size:cover;-moz-background-size:cover;-o-background-size:cover;background-size:cover;padding: 0px 0px 0px 0px;\"><div class=\"fusion-text fusion-text-5 fusion-text-no-margin\" style=\"margin-bottom:20px;\"><h2>HISTOIRE<\/h2>\n<\/div><div class=\"fusion-text fusion-text-6\"><p>Avior a \u00e9t\u00e9 fond\u00e9e en 2002 par un rachat d&rsquo;entreprise par les cadres dirigeants men\u00e9 par Stephen Kearns. La compagnie est un partenariat compos\u00e9 de ses employ\u00e9s, du Fonds de solidarit\u00e9 FTQ situ\u00e9 au Qu\u00e9bec et de Hay Island bas\u00e9 au Connecticut. Nos employ\u00e9s d\u00e9finissent ce que nous sommes et leur engagement a \u00e9t\u00e9 d\u2019\u00e9tablir un fournisseur de structures d&rsquo;avions de niveau II de classe mondiale.<\/p>\n<p>Notre client\u00e8le a commenc\u00e9 avec Bell Helicopter et Bombardier. Nous sommes fiers d&rsquo;avoir ces clients fondateurs qui demeurent une base importante de notre activit\u00e9 aujourd&rsquo;hui. Nous avons maintenant \u00e9largi notre client\u00e8le pour inclure des constructeurs d&rsquo;avions de renomm\u00e9e mondiale tels que Boeing, Airbus, Northrop Grumman, Mitsubishi Heavy Industries, Spirit, Safran et Accurus, lesquels ont tous contribu\u00e9 \u00e0 notre croissance et \u00e0 notre d\u00e9veloppement.<\/p>\n<\/div><\/div><style type=\"text\/css\">.fusion-body .fusion-builder-column-4{width:50% !important;margin-top : 10px;margin-bottom : 10px;}.fusion-builder-column-4 > .fusion-column-wrapper {padding-top : 0px !important;padding-right : 0px !important;margin-right : 3.84%;padding-bottom : 0px !important;padding-left : 0px !important;margin-left : 3.84%;}@media only screen and (max-width:1020px) {.fusion-body .fusion-builder-column-4{width:100% !important;order : 0;}.fusion-builder-column-4 > .fusion-column-wrapper {margin-right : 1.92%;margin-left : 1.92%;}}@media only screen and (max-width:680px) {.fusion-body .fusion-builder-column-4{width:100% !important;order : 0;}.fusion-builder-column-4 > .fusion-column-wrapper {margin-right : 1.92%;margin-left : 1.92%;}}<\/style><\/div><\/div><style type=\"text\/css\">.fusion-body .fusion-flex-container.fusion-builder-row-3{ padding-top : 60px;margin-top : 0px;padding-right : 60px;padding-bottom : 60px;margin-bottom : 0px;padding-left : 60px;}<\/style><\/div><div class=\"fusion-fullwidth fullwidth-box fusion-builder-row-4 fusion-flex-container nonhundred-percent-fullwidth non-hundred-percent-height-scrolling\" style=\"background-color: rgba(255,255,255,0);background-position: center center;background-repeat: no-repeat;border-width: 0px 0px 0px 0px;border-color:#e2e2e2;border-style:solid;\" ><div class=\"fusion-builder-row fusion-row fusion-flex-align-items-flex-start\" style=\"max-width:1352px;margin-left: calc(-4% \/ 2 );margin-right: calc(-4% \/ 2 );\"><div class=\"fusion-layout-column fusion_builder_column fusion-builder-column-5 fusion_builder_column_1_2 1_2 fusion-flex-column\"><div class=\"fusion-column-wrapper fusion-flex-justify-content-flex-start fusion-content-layout-column\" style=\"background-position:left top;background-repeat:no-repeat;-webkit-background-size:cover;-moz-background-size:cover;-o-background-size:cover;background-size:cover;padding: 0px 0px 0px 0px;\"><div class=\"fusion-text fusion-text-7\"><h2>NOTRE ENGAGEMENT \u00c0 LUTTER CONTRE LE TRAVAIL FORC\u00c9 ET LE TRAVAIL DES ENFANTS<\/h2>\n<p>Chez Avior Produits int\u00e9gr\u00e9s, nous respectons les normes les plus \u00e9lev\u00e9es en mati\u00e8re de conduite \u00e9thique, en conformit\u00e9 totale avec la Loi canadienne sur la lutte contre le travail forc\u00e9 et le travail des enfants dans les cha\u00eenes d&rsquo;approvisionnement. Explorez notre rapport d\u00e9taill\u00e9 accessible par le lien ci-dessous, d\u00e9montrant nos efforts d\u00e9vou\u00e9s pour \u00e9radiquer l&rsquo;esclavage moderne de nos cha\u00eenes d&rsquo;approvisionnement.<\/p>\n<\/div><div ><style>.fusion-button.button-1 .fusion-button-text,.fusion-button.button-1 i{color:#101872;}.fusion-button.button-1{border-color:#21277b;border-radius:0 0 0 0;background:#21277b;}.fusion-button.button-1:hover .fusion-button-text,.fusion-button.button-1:hover i,.fusion-button.button-1:focus .fusion-button-text,.fusion-button.button-1:focus i,.fusion-button.button-1:active .fusion-button-text,.fusion-button.button-1:active i{color:#ffffff;}.fusion-button.button-1:hover,.fusion-button.button-1:active,.fusion-button.button-1:focus{border-color:#ffffff;background:#21277b;}<\/style><a class=\"fusion-button button-flat fusion-button-default-size button-custom button-1 fusion-button-default-span fusion-button-default-type learnmorebtn-2\" target=\"_blank\" rel=\"noopener noreferrer\" href=\"https:\/\/www.avior.ca\/wp-content\/uploads\/2024\/05\/Avior-2023-Declaration-sur-lesclavage-moderne.pdf\" style=\"margin-top:20px;margin-right:0px;margin-bottom:0px;margin-left:10px;\"><span class=\"fusion-button-text\">Voir notre rapport annuel public<\/span><\/a><\/div><\/div><style type=\"text\/css\">.fusion-body .fusion-builder-column-5{width:50% !important;margin-top : 10px;margin-bottom : 10px;}.fusion-builder-column-5 > .fusion-column-wrapper {padding-top : 0px !important;padding-right : 0px !important;margin-right : 3.84%;padding-bottom : 0px !important;padding-left : 0px !important;margin-left : 3.84%;}@media only screen and (max-width:1020px) {.fusion-body .fusion-builder-column-5{width:50% !important;order : 0;}.fusion-builder-column-5 > .fusion-column-wrapper {margin-right : 3.84%;margin-left : 3.84%;}}@media only screen and (max-width:680px) {.fusion-body .fusion-builder-column-5{width:100% !important;order : 0;}.fusion-builder-column-5 > .fusion-column-wrapper {margin-right : 1.92%;margin-left : 1.92%;}}<\/style><\/div><div class=\"fusion-layout-column fusion_builder_column fusion-builder-column-6 fusion_builder_column_1_2 1_2 fusion-flex-column\"><div class=\"fusion-column-wrapper fusion-flex-justify-content-flex-start fusion-content-layout-column\" style=\"background-position:left top;background-repeat:no-repeat;-webkit-background-size:cover;-moz-background-size:cover;-o-background-size:cover;background-size:cover;padding: 0px 0px 0px 0px;\"><div ><span class=\" fusion-imageframe imageframe-none imageframe-2 hover-type-none\"><img decoding=\"async\" width=\"854\" height=\"479\" alt=\"Avior - D\u00e9claration sur l&#039;esclavage moderne\" title=\"Modern Slavery image\" src=\"https:\/\/www.avior.ca\/wp-content\/uploads\/2024\/05\/Modern-Slavery-image-1.jpg\" class=\"img-responsive wp-image-11085\" srcset=\"https:\/\/www.avior.ca\/wp-content\/uploads\/2024\/05\/Modern-Slavery-image-1-200x112.jpg 200w, https:\/\/www.avior.ca\/wp-content\/uploads\/2024\/05\/Modern-Slavery-image-1-400x224.jpg 400w, https:\/\/www.avior.ca\/wp-content\/uploads\/2024\/05\/Modern-Slavery-image-1-600x337.jpg 600w, https:\/\/www.avior.ca\/wp-content\/uploads\/2024\/05\/Modern-Slavery-image-1-800x449.jpg 800w, https:\/\/www.avior.ca\/wp-content\/uploads\/2024\/05\/Modern-Slavery-image-1.jpg 854w\" sizes=\"(max-width: 680px) 100vw, 800px\" \/><\/span><\/div><\/div><style type=\"text\/css\">.fusion-body .fusion-builder-column-6{width:50% !important;margin-top : 10px;margin-bottom : 10px;}.fusion-builder-column-6 > .fusion-column-wrapper {padding-top : 0px !important;padding-right : 0px !important;margin-right : 3.84%;padding-bottom : 0px !important;padding-left : 0px !important;margin-left : 3.84%;}@media only screen and (max-width:1020px) {.fusion-body .fusion-builder-column-6{width:50% !important;order : 0;}.fusion-builder-column-6 > .fusion-column-wrapper {margin-right : 3.84%;margin-left : 3.84%;}}@media only screen and (max-width:680px) {.fusion-body .fusion-builder-column-6{width:100% !important;order : 0;}.fusion-builder-column-6 > .fusion-column-wrapper {margin-right : 1.92%;margin-left : 1.92%;}}<\/style><\/div><\/div><style type=\"text\/css\">.fusion-body .fusion-flex-container.fusion-builder-row-4{ padding-top : 0px;margin-top : 60px;padding-right : 60px;padding-bottom : 0px;margin-bottom : 60px;padding-left : 60px;}<\/style><\/div><div class=\"fusion-fullwidth fullwidth-box fusion-builder-row-5 fusion-flex-container nonhundred-percent-fullwidth non-hundred-percent-height-scrolling\" style=\"background-color: #ededed;background-position: center center;background-repeat: no-repeat;border-width: 0px 0px 0px 0px;border-color:#e2e2e2;border-style:solid;\" ><div class=\"fusion-builder-row fusion-row fusion-flex-align-items-flex-start\" style=\"max-width:1352px;margin-left: calc(-4% \/ 2 );margin-right: calc(-4% \/ 2 );\"><div class=\"fusion-layout-column fusion_builder_column fusion-builder-column-7 fusion_builder_column_1_1 1_1 fusion-flex-column\"><div class=\"fusion-column-wrapper fusion-flex-justify-content-flex-start fusion-content-layout-column\" style=\"background-position:left top;background-repeat:no-repeat;-webkit-background-size:cover;-moz-background-size:cover;-o-background-size:cover;background-size:cover;padding: 0px 0px 0px 0px;\"><div class=\"fusion-text fusion-text-8 fusion-text-no-margin\" style=\"margin-bottom:10px;\"><h3>REJOIGNEZ NOTRE \u00c9QUIPE DE B\u00c2TISSEURS INNOVANTS<\/h3>\n<\/div><div class=\"fusion-text fusion-text-9\"><p>Le succ\u00e8s remarquable et la croissance soutenue d&rsquo;Avior reposent principalement sur le talent et le d\u00e9vouement de ses nombreux employ\u00e9s qui s&rsquo;assurent de la livraison de produits de qualit\u00e9, toujours \u00e0 l&rsquo;avant-garde de l&rsquo;innovation technologique. Alors que nous poursuivons notre croissance au sein de l&rsquo;industrie de la fabrication a\u00e9rospatiale, nous sommes constamment \u00e0 la recherche d&rsquo;individus talentueux et \u00e9nergiques pour se joindre \u00e0 notre \u00e9quipe de b\u00e2tisseurs innovants. Si l&rsquo;envie de contribuer activement au sein d&rsquo;une \u00e9quipe dynamique vous motive, nous vous invitons \u00e0 d\u00e9couvrir nos <a href=\"https:\/\/www.avior.ca\/fr\/nous-joindre\/emploi-aerospatiale\/\">offres d&#8217;emploi en a\u00e9rospatiale<\/a>. Le poste id\u00e9al vous attend peut-\u00eatre !<\/p>\n<\/div><div ><style>.fusion-button.button-2{border-radius:0 0 0 0;}<\/style><a class=\"fusion-button button-flat fusion-button-default-size button-default button-2 fusion-button-default-span fusion-button-default-type\" target=\"_self\" href=\"https:\/\/www.avior.ca\/fr\/nous-joindre\/emploi-aerospatiale\/\"><span class=\"fusion-button-text\">Voir nos emplois en a\u00e9rospatiale<\/span><\/a><\/div><\/div><style type=\"text\/css\">.fusion-body .fusion-builder-column-7{width:100% !important;margin-top : 10px;margin-bottom : 10px;}.fusion-builder-column-7 > .fusion-column-wrapper {padding-top : 0px !important;padding-right : 0px !important;margin-right : 1.92%;padding-bottom : 0px !important;padding-left : 0px !important;margin-left : 1.92%;}@media only screen and (max-width:1020px) {.fusion-body .fusion-builder-column-7{width:100% !important;order : 0;}.fusion-builder-column-7 > .fusion-column-wrapper {margin-right : 1.92%;margin-left : 1.92%;}}@media only screen and (max-width:680px) {.fusion-body .fusion-builder-column-7{width:100% !important;order : 0;}.fusion-builder-column-7 > .fusion-column-wrapper {margin-right : 1.92%;margin-left : 1.92%;}}<\/style><\/div><\/div><style type=\"text\/css\">.fusion-body .fusion-flex-container.fusion-builder-row-5{ padding-top : 40px;margin-top : 40px;padding-right : 60px;padding-bottom : 60px;margin-bottom : 0px;padding-left : 60px;}<\/style><\/div><\/p>\n","protected":false},"excerpt":{"rendered":"","protected":false},"author":5,"featured_media":9072,"parent":0,"menu_order":0,"comment_status":"closed","ping_status":"closed","template":"100-width.php","meta":{"footnotes":""},"class_list":["post-8464","page","type-page","status-publish","has-post-thumbnail","hentry"],"_links":{"self":[{"href":"https:\/\/www.avior.ca\/fr\/wp-json\/wp\/v2\/pages\/8464","targetHints":{"allow":["GET"]}}],"collection":[{"href":"https:\/\/www.avior.ca\/fr\/wp-json\/wp\/v2\/pages"}],"about":[{"href":"https:\/\/www.avior.ca\/fr\/wp-json\/wp\/v2\/types\/page"}],"author":[{"embeddable":true,"href":"https:\/\/www.avior.ca\/fr\/wp-json\/wp\/v2\/users\/5"}],"replies":[{"embeddable":true,"href":"https:\/\/www.avior.ca\/fr\/wp-json\/wp\/v2\/comments?post=8464"}],"version-history":[{"count":18,"href":"https:\/\/www.avior.ca\/fr\/wp-json\/wp\/v2\/pages\/8464\/revisions"}],"predecessor-version":[{"id":11090,"href":"https:\/\/www.avior.ca\/fr\/wp-json\/wp\/v2\/pages\/8464\/revisions\/11090"}],"wp:featuredmedia":[{"embeddable":true,"href":"https:\/\/www.avior.ca\/fr\/wp-json\/wp\/v2\/media\/9072"}],"wp:attachment":[{"href":"https:\/\/www.avior.ca\/fr\/wp-json\/wp\/v2\/media?parent=8464"}],"curies":[{"name":"wp","href":"https:\/\/api.w.org\/{rel}","templated":true}]}}