{"id":8470,"date":"2022-01-11T12:26:32","date_gmt":"2022-01-11T12:26:32","guid":{"rendered":"https:\/\/www.avior.ca\/?page_id=8470"},"modified":"2022-04-04T15:41:55","modified_gmt":"2022-04-04T15:41:55","slug":"jean-philippe-roy","status":"publish","type":"page","link":"https:\/\/www.avior.ca\/fr\/qui-nous-sommes\/leadership\/jean-philippe-roy\/","title":{"rendered":"Jean-Philippe Roy"},"content":{"rendered":"<div class=\"fusion-fullwidth fullwidth-box fusion-builder-row-1 fusion-flex-container nonhundred-percent-fullwidth non-hundred-percent-height-scrolling\" style=\"background-color: rgba(255,255,255,0);background-position: center center;background-repeat: no-repeat;border-width: 0px 0px 0px 0px;border-color:#e2e2e2;border-style:solid;\" ><div class=\"fusion-builder-row fusion-row fusion-flex-align-items-flex-start\" style=\"max-width:1352px;margin-left: calc(-4% \/ 2 );margin-right: calc(-4% \/ 2 );\"><div class=\"fusion-layout-column fusion_builder_column fusion-builder-column-0 fusion_builder_column_1_3 1_3 fusion-flex-column\"><div class=\"fusion-column-wrapper fusion-flex-justify-content-flex-start fusion-content-layout-column\" style=\"background-position:left top;background-repeat:no-repeat;-webkit-background-size:cover;-moz-background-size:cover;-o-background-size:cover;background-size:cover;padding: 0px 0px 0px 0px;\"><div ><span class=\" fusion-imageframe imageframe-none imageframe-1 hover-type-none\"><img decoding=\"async\" width=\"500\" height=\"750\" alt=\"Jean-Philippe_Roy\" title=\"Jean-Philippe_Roy39_H\" src=\"https:\/\/www.avior.ca\/wp-content\/uploads\/2022\/02\/Jean-Philippe_Roy39_H.jpg\" class=\"img-responsive wp-image-8924\" srcset=\"https:\/\/www.avior.ca\/wp-content\/uploads\/2022\/02\/Jean-Philippe_Roy39_H-200x300.jpg 200w, https:\/\/www.avior.ca\/wp-content\/uploads\/2022\/02\/Jean-Philippe_Roy39_H-400x600.jpg 400w, https:\/\/www.avior.ca\/wp-content\/uploads\/2022\/02\/Jean-Philippe_Roy39_H.jpg 500w\" sizes=\"(max-width: 680px) 100vw, 400px\" \/><\/span><\/div><\/div><style type=\"text\/css\">.fusion-body .fusion-builder-column-0{width:33.333333333333% !important;margin-top : 10px;margin-bottom : 10px;}.fusion-builder-column-0 > .fusion-column-wrapper {padding-top : 0px !important;padding-right : 0px !important;margin-right : 5.76%;padding-bottom : 0px !important;padding-left : 0px !important;margin-left : 5.76%;}@media only screen and (max-width:1020px) {.fusion-body .fusion-builder-column-0{width:33.333333333333% !important;order : 0;}.fusion-builder-column-0 > .fusion-column-wrapper {margin-right : 5.76%;margin-left : 5.76%;}}@media only screen and (max-width:680px) {.fusion-body .fusion-builder-column-0{width:100% !important;order : 0;}.fusion-builder-column-0 > .fusion-column-wrapper {margin-right : 1.92%;margin-left : 1.92%;}}<\/style><\/div><div class=\"fusion-layout-column fusion_builder_column fusion-builder-column-1 fusion_builder_column_2_3 2_3 fusion-flex-column\"><div class=\"fusion-column-wrapper fusion-flex-justify-content-flex-start fusion-content-layout-column\" style=\"background-position:left top;background-repeat:no-repeat;-webkit-background-size:cover;-moz-background-size:cover;-o-background-size:cover;background-size:cover;padding: 0px 0px 0px 4%;\"><div class=\"fusion-text fusion-text-1\"><h1 class=\"fusion-responsive-typography-calculated\" data-fontsize=\"28\" data-lineheight=\"42px\">Jean-Philippe Roy<\/h1>\n<div class=\"fusion-text fusion-text-5\">\n<p><strong>Directeur &#8211; Unit\u00e9 d\u2019affaires Montr\u00e9al<\/strong><\/p>\n<\/div>\n<\/div><div class=\"fusion-text fusion-text-2\"><p style=\"text-align: justify;\">Jean-Philippe Roy est le directeur de l&rsquo;unit\u00e9 d&rsquo;affaires de Montr\u00e9al qui se sp\u00e9cialise dans l&rsquo;usinage et les assemblages m\u00e9caniques. Il a \u00e9t\u00e9 gestionnaire de programmes pour Boeing et Mitsubishi Heavy Industries et poss\u00e8de une vaste exp\u00e9rience en tant qu&rsquo;ing\u00e9nieur des m\u00e9thodes. Avant Avior, il a travaill\u00e9 comme ing\u00e9nieur industriel chez Bombardier.<\/p>\n<p>Jean-Philippe est titulaire d&rsquo;un dipl\u00f4me en g\u00e9nie a\u00e9rospatial de l&rsquo;\u00c9cole Polytechnique de Montr\u00e9al et a r\u00e9cemment termin\u00e9 le programme de MBA \u00e0 HEC Montr\u00e9al. Il d\u00e9tient de grandes comp\u00e9tences commerciales et techniques et a \u00e9t\u00e9 directement impliqu\u00e9 dans les nouveaux programmes majeurs de transition au cours des 4 derni\u00e8res ann\u00e9es.<\/p>\n<\/div><div ><style>.fusion-button.button-1 .fusion-button-text,.fusion-button.button-1 i{color:#101872;}.fusion-button.button-1{border-color:#21277b;border-radius:0 0 0 0;background:#21277b;}.fusion-button.button-1:hover .fusion-button-text,.fusion-button.button-1:hover i,.fusion-button.button-1:focus .fusion-button-text,.fusion-button.button-1:focus i,.fusion-button.button-1:active .fusion-button-text,.fusion-button.button-1:active i{color:#ffffff;}.fusion-button.button-1:hover,.fusion-button.button-1:active,.fusion-button.button-1:focus{border-color:#ffffff;background:#21277b;}<\/style><a class=\"fusion-button button-flat fusion-button-default-size button-custom button-1 fusion-button-default-span fusion-button-default-type\" target=\"_self\" href=\"https:\/\/www.avior.ca\/fr\/qui-nous-sommes\/leadership\/\"><span class=\"fusion-button-text\">Retour \u00e0 la page leadership<\/span><\/a><\/div><\/div><style type=\"text\/css\">.fusion-body .fusion-builder-column-1{width:66.666666666667% !important;margin-top : 10px;margin-bottom : 10px;}.fusion-builder-column-1 > .fusion-column-wrapper {padding-top : 0px !important;padding-right : 0px !important;margin-right : 2.88%;padding-bottom : 0px !important;padding-left : 4% !important;margin-left : 2.88%;}@media only screen and (max-width:1020px) {.fusion-body .fusion-builder-column-1{width:66.666666666667% !important;order : 0;}.fusion-builder-column-1 > .fusion-column-wrapper {margin-right : 2.88%;margin-left : 2.88%;}}@media only screen and (max-width:680px) {.fusion-body .fusion-builder-column-1{width:100% !important;order : 0;}.fusion-builder-column-1 > .fusion-column-wrapper {margin-right : 1.92%;margin-left : 1.92%;}}<\/style><\/div><\/div><style type=\"text\/css\">.fusion-body .fusion-flex-container.fusion-builder-row-1{ padding-top : 0px;margin-top : 0px;padding-right : 60px;padding-bottom : 0px;margin-bottom : 0px;padding-left : 60px;}@media only screen and (max-width:680px) {.fusion-body .fusion-flex-container.fusion-builder-row-1{ padding-right : 0px;padding-left : 0px;}}<\/style><\/div>\n","protected":false},"excerpt":{"rendered":"","protected":false},"author":5,"featured_media":0,"parent":7782,"menu_order":0,"comment_status":"closed","ping_status":"closed","template":"","meta":{"footnotes":""},"class_list":["post-8470","page","type-page","status-publish","hentry"],"_links":{"self":[{"href":"https:\/\/www.avior.ca\/fr\/wp-json\/wp\/v2\/pages\/8470","targetHints":{"allow":["GET"]}}],"collection":[{"href":"https:\/\/www.avior.ca\/fr\/wp-json\/wp\/v2\/pages"}],"about":[{"href":"https:\/\/www.avior.ca\/fr\/wp-json\/wp\/v2\/types\/page"}],"author":[{"embeddable":true,"href":"https:\/\/www.avior.ca\/fr\/wp-json\/wp\/v2\/users\/5"}],"replies":[{"embeddable":true,"href":"https:\/\/www.avior.ca\/fr\/wp-json\/wp\/v2\/comments?post=8470"}],"version-history":[{"count":7,"href":"https:\/\/www.avior.ca\/fr\/wp-json\/wp\/v2\/pages\/8470\/revisions"}],"predecessor-version":[{"id":9694,"href":"https:\/\/www.avior.ca\/fr\/wp-json\/wp\/v2\/pages\/8470\/revisions\/9694"}],"up":[{"embeddable":true,"href":"https:\/\/www.avior.ca\/fr\/wp-json\/wp\/v2\/pages\/7782"}],"wp:attachment":[{"href":"https:\/\/www.avior.ca\/fr\/wp-json\/wp\/v2\/media?parent=8470"}],"curies":[{"name":"wp","href":"https:\/\/api.w.org\/{rel}","templated":true}]}}