{"id":8473,"date":"2022-01-11T12:27:24","date_gmt":"2022-01-11T12:27:24","guid":{"rendered":"https:\/\/www.avior.ca\/?page_id=8473"},"modified":"2022-04-04T15:42:12","modified_gmt":"2022-04-04T15:42:12","slug":"nicholas-jutras","status":"publish","type":"page","link":"https:\/\/www.avior.ca\/fr\/qui-nous-sommes\/leadership\/nicholas-jutras\/","title":{"rendered":"Nicholas Jutras"},"content":{"rendered":"<div class=\"fusion-fullwidth fullwidth-box fusion-builder-row-1 fusion-flex-container nonhundred-percent-fullwidth non-hundred-percent-height-scrolling\" style=\"background-color: rgba(255,255,255,0);background-position: center center;background-repeat: no-repeat;border-width: 0px 0px 0px 0px;border-color:#e2e2e2;border-style:solid;\" ><div class=\"fusion-builder-row fusion-row fusion-flex-align-items-flex-start\" style=\"max-width:1352px;margin-left: calc(-4% \/ 2 );margin-right: calc(-4% \/ 2 );\"><div class=\"fusion-layout-column fusion_builder_column fusion-builder-column-0 fusion_builder_column_1_3 1_3 fusion-flex-column\"><div class=\"fusion-column-wrapper fusion-flex-justify-content-flex-start fusion-content-layout-column\" style=\"background-position:left top;background-repeat:no-repeat;-webkit-background-size:cover;-moz-background-size:cover;-o-background-size:cover;background-size:cover;padding: 0px 0px 0px 0px;\"><div ><span class=\" fusion-imageframe imageframe-none imageframe-1 hover-type-none\"><img decoding=\"async\" width=\"500\" height=\"750\" alt=\"Nicholas_Jutras\" title=\"Nicholas_Jutras39_H\" src=\"https:\/\/www.avior.ca\/wp-content\/uploads\/2022\/02\/Nicholas_Jutras39_H.jpg\" class=\"img-responsive wp-image-8928\" srcset=\"https:\/\/www.avior.ca\/wp-content\/uploads\/2022\/02\/Nicholas_Jutras39_H-200x300.jpg 200w, https:\/\/www.avior.ca\/wp-content\/uploads\/2022\/02\/Nicholas_Jutras39_H-400x600.jpg 400w, https:\/\/www.avior.ca\/wp-content\/uploads\/2022\/02\/Nicholas_Jutras39_H.jpg 500w\" sizes=\"(max-width: 680px) 100vw, 400px\" \/><\/span><\/div><\/div><style type=\"text\/css\">.fusion-body .fusion-builder-column-0{width:33.333333333333% !important;margin-top : 10px;margin-bottom : 10px;}.fusion-builder-column-0 > .fusion-column-wrapper {padding-top : 0px !important;padding-right : 0px !important;margin-right : 5.76%;padding-bottom : 0px !important;padding-left : 0px !important;margin-left : 5.76%;}@media only screen and (max-width:1020px) {.fusion-body .fusion-builder-column-0{width:33.333333333333% !important;order : 0;}.fusion-builder-column-0 > .fusion-column-wrapper {margin-right : 5.76%;margin-left : 5.76%;}}@media only screen and (max-width:680px) {.fusion-body .fusion-builder-column-0{width:100% !important;order : 0;}.fusion-builder-column-0 > .fusion-column-wrapper {margin-right : 1.92%;margin-left : 1.92%;}}<\/style><\/div><div class=\"fusion-layout-column fusion_builder_column fusion-builder-column-1 fusion_builder_column_2_3 2_3 fusion-flex-column\"><div class=\"fusion-column-wrapper fusion-flex-justify-content-flex-start fusion-content-layout-column\" style=\"background-position:left top;background-repeat:no-repeat;-webkit-background-size:cover;-moz-background-size:cover;-o-background-size:cover;background-size:cover;padding: 0px 0px 0px 4%;\"><div class=\"fusion-text fusion-text-1\"><h1 class=\"fusion-responsive-typography-calculated\" data-fontsize=\"28\" data-lineheight=\"42px\">Nicholas Jutras<\/h1>\n<div class=\"fusion-text fusion-text-5\">\n<p><strong>Directeur &#8211; Unit\u00e9 d\u2019affaires Granby<\/strong><\/p>\n<\/div>\n<\/div><div class=\"fusion-text fusion-text-2\"><p style=\"text-align: justify;\">Nicholas Jutras est directeur de l&rsquo;unit\u00e9 d&rsquo;affaires de Granby qui se sp\u00e9cialise dans les structures composites. Nicholas a acquis son expertise chez Avior en tant qu&rsquo;ing\u00e9nieur de conception et de m\u00e9thodes et a \u00e9t\u00e9 plus r\u00e9cemment le gestionnaire de programme pour les structures composites. Il \u00e9tait responsable du lancement r\u00e9ussi du car\u00e9nage de la d\u00e9rive verticale du 787, de l&rsquo;entr\u00e9e APU du 737 Max, du capot moteur du Bell 525 et plus r\u00e9cemment du projet de car\u00e9nage des pyl\u00f4nes du Spirit Airbus A220.<\/p>\n<p>Nicholas est titulaire d&rsquo;un dipl\u00f4me en g\u00e9nie m\u00e9canique de l&rsquo;Universit\u00e9 de Sherbrooke, avec une concentration en a\u00e9rospatiale. Avant d&rsquo;obtenir ce dipl\u00f4me, il a obtenu un dipl\u00f4me de technicien en conception et fabrication d&rsquo;a\u00e9ronefs de l&rsquo;\u00c9cole nationale d&rsquo;a\u00e9rotechnique de Saint-Hubert, au Qu\u00e9bec.<\/p>\n<\/div><div ><style>.fusion-button.button-1 .fusion-button-text,.fusion-button.button-1 i{color:#101872;}.fusion-button.button-1{border-color:#21277b;border-radius:0 0 0 0;background:#21277b;}.fusion-button.button-1:hover .fusion-button-text,.fusion-button.button-1:hover i,.fusion-button.button-1:focus .fusion-button-text,.fusion-button.button-1:focus i,.fusion-button.button-1:active .fusion-button-text,.fusion-button.button-1:active i{color:#ffffff;}.fusion-button.button-1:hover,.fusion-button.button-1:active,.fusion-button.button-1:focus{border-color:#ffffff;background:#21277b;}<\/style><a class=\"fusion-button button-flat fusion-button-default-size button-custom button-1 fusion-button-default-span fusion-button-default-type\" target=\"_self\" href=\"https:\/\/www.avior.ca\/fr\/qui-nous-sommes\/leadership\/\"><span class=\"fusion-button-text\">Retour \u00e0 la page leadership<\/span><\/a><\/div><\/div><style type=\"text\/css\">.fusion-body .fusion-builder-column-1{width:66.666666666667% !important;margin-top : 10px;margin-bottom : 10px;}.fusion-builder-column-1 > .fusion-column-wrapper {padding-top : 0px !important;padding-right : 0px !important;margin-right : 2.88%;padding-bottom : 0px !important;padding-left : 4% !important;margin-left : 2.88%;}@media only screen and (max-width:1020px) {.fusion-body .fusion-builder-column-1{width:66.666666666667% !important;order : 0;}.fusion-builder-column-1 > .fusion-column-wrapper {margin-right : 2.88%;margin-left : 2.88%;}}@media only screen and (max-width:680px) {.fusion-body .fusion-builder-column-1{width:100% !important;order : 0;}.fusion-builder-column-1 > .fusion-column-wrapper {margin-right : 1.92%;margin-left : 1.92%;}}<\/style><\/div><\/div><style type=\"text\/css\">.fusion-body .fusion-flex-container.fusion-builder-row-1{ padding-top : 0px;margin-top : 0px;padding-right : 60px;padding-bottom : 0px;margin-bottom : 0px;padding-left : 60px;}@media only screen and (max-width:680px) {.fusion-body .fusion-flex-container.fusion-builder-row-1{ padding-right : 0px;padding-left : 0px;}}<\/style><\/div>\n","protected":false},"excerpt":{"rendered":"","protected":false},"author":5,"featured_media":0,"parent":7782,"menu_order":0,"comment_status":"closed","ping_status":"closed","template":"","meta":{"footnotes":""},"class_list":["post-8473","page","type-page","status-publish","hentry"],"_links":{"self":[{"href":"https:\/\/www.avior.ca\/fr\/wp-json\/wp\/v2\/pages\/8473","targetHints":{"allow":["GET"]}}],"collection":[{"href":"https:\/\/www.avior.ca\/fr\/wp-json\/wp\/v2\/pages"}],"about":[{"href":"https:\/\/www.avior.ca\/fr\/wp-json\/wp\/v2\/types\/page"}],"author":[{"embeddable":true,"href":"https:\/\/www.avior.ca\/fr\/wp-json\/wp\/v2\/users\/5"}],"replies":[{"embeddable":true,"href":"https:\/\/www.avior.ca\/fr\/wp-json\/wp\/v2\/comments?post=8473"}],"version-history":[{"count":5,"href":"https:\/\/www.avior.ca\/fr\/wp-json\/wp\/v2\/pages\/8473\/revisions"}],"predecessor-version":[{"id":9695,"href":"https:\/\/www.avior.ca\/fr\/wp-json\/wp\/v2\/pages\/8473\/revisions\/9695"}],"up":[{"embeddable":true,"href":"https:\/\/www.avior.ca\/fr\/wp-json\/wp\/v2\/pages\/7782"}],"wp:attachment":[{"href":"https:\/\/www.avior.ca\/fr\/wp-json\/wp\/v2\/media?parent=8473"}],"curies":[{"name":"wp","href":"https:\/\/api.w.org\/{rel}","templated":true}]}}